{"id":5693,"date":"2024-06-23T21:17:03","date_gmt":"2024-06-23T19:17:03","guid":{"rendered":"https:\/\/test.pharmsultation.com\/product\/nicotinamid-riboside\/"},"modified":"2024-06-23T21:17:03","modified_gmt":"2024-06-23T19:17:03","slug":"nicotinamid-riboside","status":"publish","type":"product","link":"https:\/\/www.pharmsultation.com\/de\/product\/nicotinamid-riboside\/","title":{"rendered":"NICOtinamid RIBOside"},"content":{"rendered":"<p>NICOtinamid-Ribosid ist ein Mitglied der Vitamin-B3-Familie. Es kommt nat\u00fcrlich in Obst, Gem\u00fcse, Fleisch und Milch vor.<br \/>\nDie Einnahme von Nicotinamid-Ribosid kann dazu beitragen, niedrige NAD+-Spiegel anzuheben, was f\u00fcr die normale Funktion des K\u00f6rpers von gro\u00dfer Bedeutung ist.<br \/>\nEs wird h\u00e4ufig zur Behandlung von Anti-Aging-Effekten, hohem Cholesterinspiegel, hohem Blutdruck und vielen anderen Krankheiten sowie Fettleibigkeit eingesetzt. <\/p>\n","protected":false},"excerpt":{"rendered":"<p>60 Kapseln<\/p>\n","protected":false},"featured_media":2875,"template":"","meta":[],"product_brand":[],"product_cat":[120],"product_tag":[],"class_list":{"0":"post-5693","1":"product","2":"type-product","3":"status-publish","4":"has-post-thumbnail","6":"product_cat-nahrungserganzungsmittel","8":"first","9":"outofstock","10":"shipping-taxable","11":"purchasable","12":"product-type-simple"},"yoast_head":"<!-- This site is optimized with the Yoast SEO plugin v26.8 - https:\/\/yoast.com\/product\/yoast-seo-wordpress\/ -->\n<title>NICOtinamid RIBOside -<\/title>\n<meta name=\"description\" content=\"NICOtinamid Ribosid ist ein Mitglied der Vitamin B3-Familie. Die Einnahme von Nicotinamid Ribosid kann helfen, niedrige NAD+-Spiegel zu erh\u00f6hen, die wesentlich f\u00fcr die normale Funktion des K\u00f6rpers sind, und wird h\u00e4ufig f\u00fcr Anti-Aging-Effekte, hohe Cholesterinwerte, Bluthochdruck und viele andere Krankheiten sowie Fettleibigkeit verwendet.\" \/>\n<meta name=\"robots\" content=\"index, follow, max-snippet:-1, max-image-preview:large, max-video-preview:-1\" \/>\n<link rel=\"canonical\" href=\"https:\/\/www.pharmsultation.com\/de\/product\/nicotinamid-riboside\/\" \/>\n<meta property=\"og:locale\" content=\"de_DE\" \/>\n<meta property=\"og:type\" content=\"article\" \/>\n<meta property=\"og:title\" content=\"NICOtinamid RIBOside -\" \/>\n<meta property=\"og:description\" content=\"NICOtinamid Ribosid ist ein Mitglied der Vitamin B3-Familie. Die Einnahme von Nicotinamid Ribosid kann helfen, niedrige NAD+-Spiegel zu erh\u00f6hen, die wesentlich f\u00fcr die normale Funktion des K\u00f6rpers sind, und wird h\u00e4ufig f\u00fcr Anti-Aging-Effekte, hohe Cholesterinwerte, Bluthochdruck und viele andere Krankheiten sowie Fettleibigkeit verwendet.\" \/>\n<meta property=\"og:url\" content=\"https:\/\/www.pharmsultation.com\/de\/product\/nicotinamid-riboside\/\" \/>\n<meta property=\"og:image\" content=\"https:\/\/www.pharmsultation.com\/wp-content\/uploads\/2024\/06\/NICOtinamide-RIBOside-1024x1024.png\" \/>\n\t<meta property=\"og:image:width\" content=\"1024\" \/>\n\t<meta property=\"og:image:height\" content=\"1024\" \/>\n\t<meta property=\"og:image:type\" content=\"image\/png\" \/>\n<meta name=\"twitter:card\" content=\"summary_large_image\" \/>\n<script type=\"application\/ld+json\" class=\"yoast-schema-graph\">{\"@context\":\"https:\/\/schema.org\",\"@graph\":[{\"@type\":\"WebPage\",\"@id\":\"https:\/\/www.pharmsultation.com\/de\/product\/nicotinamid-riboside\/\",\"url\":\"https:\/\/www.pharmsultation.com\/de\/product\/nicotinamid-riboside\/\",\"name\":\"NICOtinamid RIBOside -\",\"isPartOf\":{\"@id\":\"https:\/\/www.pharmsultation.com\/de\/#website\"},\"primaryImageOfPage\":{\"@id\":\"https:\/\/www.pharmsultation.com\/de\/product\/nicotinamid-riboside\/#primaryimage\"},\"image\":{\"@id\":\"https:\/\/www.pharmsultation.com\/de\/product\/nicotinamid-riboside\/#primaryimage\"},\"thumbnailUrl\":\"https:\/\/www.pharmsultation.com\/wp-content\/uploads\/2024\/06\/NICOtinamide-RIBOside.png\",\"datePublished\":\"2024-06-23T19:17:03+00:00\",\"description\":\"NICOtinamid Ribosid ist ein Mitglied der Vitamin B3-Familie. Die Einnahme von Nicotinamid Ribosid kann helfen, niedrige NAD+-Spiegel zu erh\u00f6hen, die wesentlich f\u00fcr die normale Funktion des K\u00f6rpers sind, und wird h\u00e4ufig f\u00fcr Anti-Aging-Effekte, hohe Cholesterinwerte, Bluthochdruck und viele andere Krankheiten sowie Fettleibigkeit verwendet.\",\"breadcrumb\":{\"@id\":\"https:\/\/www.pharmsultation.com\/de\/product\/nicotinamid-riboside\/#breadcrumb\"},\"inLanguage\":\"de\",\"potentialAction\":[{\"@type\":\"ReadAction\",\"target\":[\"https:\/\/www.pharmsultation.com\/de\/product\/nicotinamid-riboside\/\"]}]},{\"@type\":\"ImageObject\",\"inLanguage\":\"de\",\"@id\":\"https:\/\/www.pharmsultation.com\/de\/product\/nicotinamid-riboside\/#primaryimage\",\"url\":\"https:\/\/www.pharmsultation.com\/wp-content\/uploads\/2024\/06\/NICOtinamide-RIBOside.png\",\"contentUrl\":\"https:\/\/www.pharmsultation.com\/wp-content\/uploads\/2024\/06\/NICOtinamide-RIBOside.png\",\"width\":2048,\"height\":2048},{\"@type\":\"BreadcrumbList\",\"@id\":\"https:\/\/www.pharmsultation.com\/de\/product\/nicotinamid-riboside\/#breadcrumb\",\"itemListElement\":[{\"@type\":\"ListItem\",\"position\":1,\"name\":\"Startseite\",\"item\":\"https:\/\/www.pharmsultation.com\/de\/\"},{\"@type\":\"ListItem\",\"position\":2,\"name\":\"Shop\",\"item\":\"https:\/\/www.pharmsultation.com\/de\/shop\/\"},{\"@type\":\"ListItem\",\"position\":3,\"name\":\"NICOtinamid RIBOside\"}]},{\"@type\":\"WebSite\",\"@id\":\"https:\/\/www.pharmsultation.com\/de\/#website\",\"url\":\"https:\/\/www.pharmsultation.com\/de\/\",\"name\":\"PharmSultation - Pharma & Industries Services\",\"description\":\"\",\"publisher\":{\"@id\":\"https:\/\/www.pharmsultation.com\/de\/#organization\"},\"potentialAction\":[{\"@type\":\"SearchAction\",\"target\":{\"@type\":\"EntryPoint\",\"urlTemplate\":\"https:\/\/www.pharmsultation.com\/de\/?s={search_term_string}\"},\"query-input\":{\"@type\":\"PropertyValueSpecification\",\"valueRequired\":true,\"valueName\":\"search_term_string\"}}],\"inLanguage\":\"de\"},{\"@type\":\"Organization\",\"@id\":\"https:\/\/www.pharmsultation.com\/de\/#organization\",\"name\":\"PharmSultation\",\"url\":\"https:\/\/www.pharmsultation.com\/de\/\",\"logo\":{\"@type\":\"ImageObject\",\"inLanguage\":\"de\",\"@id\":\"https:\/\/www.pharmsultation.com\/de\/#\/schema\/logo\/image\/\",\"url\":\"https:\/\/www.pharmsultation.com\/wp-content\/uploads\/2023\/05\/customcolor_logo_transparent_background.png\",\"contentUrl\":\"https:\/\/www.pharmsultation.com\/wp-content\/uploads\/2023\/05\/customcolor_logo_transparent_background.png\",\"width\":3125,\"height\":1875,\"caption\":\"PharmSultation\"},\"image\":{\"@id\":\"https:\/\/www.pharmsultation.com\/de\/#\/schema\/logo\/image\/\"}}]}<\/script>\n<!-- \/ Yoast SEO plugin. -->","yoast_head_json":{"title":"NICOtinamid RIBOside -","description":"NICOtinamid Ribosid ist ein Mitglied der Vitamin B3-Familie. Die Einnahme von Nicotinamid Ribosid kann helfen, niedrige NAD+-Spiegel zu erh\u00f6hen, die wesentlich f\u00fcr die normale Funktion des K\u00f6rpers sind, und wird h\u00e4ufig f\u00fcr Anti-Aging-Effekte, hohe Cholesterinwerte, Bluthochdruck und viele andere Krankheiten sowie Fettleibigkeit verwendet.","robots":{"index":"index","follow":"follow","max-snippet":"max-snippet:-1","max-image-preview":"max-image-preview:large","max-video-preview":"max-video-preview:-1"},"canonical":"https:\/\/www.pharmsultation.com\/de\/product\/nicotinamid-riboside\/","og_locale":"de_DE","og_type":"article","og_title":"NICOtinamid RIBOside -","og_description":"NICOtinamid Ribosid ist ein Mitglied der Vitamin B3-Familie. Die Einnahme von Nicotinamid Ribosid kann helfen, niedrige NAD+-Spiegel zu erh\u00f6hen, die wesentlich f\u00fcr die normale Funktion des K\u00f6rpers sind, und wird h\u00e4ufig f\u00fcr Anti-Aging-Effekte, hohe Cholesterinwerte, Bluthochdruck und viele andere Krankheiten sowie Fettleibigkeit verwendet.","og_url":"https:\/\/www.pharmsultation.com\/de\/product\/nicotinamid-riboside\/","og_image":[{"width":1024,"height":1024,"url":"https:\/\/www.pharmsultation.com\/wp-content\/uploads\/2024\/06\/NICOtinamide-RIBOside-1024x1024.png","type":"image\/png"}],"twitter_card":"summary_large_image","schema":{"@context":"https:\/\/schema.org","@graph":[{"@type":"WebPage","@id":"https:\/\/www.pharmsultation.com\/de\/product\/nicotinamid-riboside\/","url":"https:\/\/www.pharmsultation.com\/de\/product\/nicotinamid-riboside\/","name":"NICOtinamid RIBOside -","isPartOf":{"@id":"https:\/\/www.pharmsultation.com\/de\/#website"},"primaryImageOfPage":{"@id":"https:\/\/www.pharmsultation.com\/de\/product\/nicotinamid-riboside\/#primaryimage"},"image":{"@id":"https:\/\/www.pharmsultation.com\/de\/product\/nicotinamid-riboside\/#primaryimage"},"thumbnailUrl":"https:\/\/www.pharmsultation.com\/wp-content\/uploads\/2024\/06\/NICOtinamide-RIBOside.png","datePublished":"2024-06-23T19:17:03+00:00","description":"NICOtinamid Ribosid ist ein Mitglied der Vitamin B3-Familie. Die Einnahme von Nicotinamid Ribosid kann helfen, niedrige NAD+-Spiegel zu erh\u00f6hen, die wesentlich f\u00fcr die normale Funktion des K\u00f6rpers sind, und wird h\u00e4ufig f\u00fcr Anti-Aging-Effekte, hohe Cholesterinwerte, Bluthochdruck und viele andere Krankheiten sowie Fettleibigkeit verwendet.","breadcrumb":{"@id":"https:\/\/www.pharmsultation.com\/de\/product\/nicotinamid-riboside\/#breadcrumb"},"inLanguage":"de","potentialAction":[{"@type":"ReadAction","target":["https:\/\/www.pharmsultation.com\/de\/product\/nicotinamid-riboside\/"]}]},{"@type":"ImageObject","inLanguage":"de","@id":"https:\/\/www.pharmsultation.com\/de\/product\/nicotinamid-riboside\/#primaryimage","url":"https:\/\/www.pharmsultation.com\/wp-content\/uploads\/2024\/06\/NICOtinamide-RIBOside.png","contentUrl":"https:\/\/www.pharmsultation.com\/wp-content\/uploads\/2024\/06\/NICOtinamide-RIBOside.png","width":2048,"height":2048},{"@type":"BreadcrumbList","@id":"https:\/\/www.pharmsultation.com\/de\/product\/nicotinamid-riboside\/#breadcrumb","itemListElement":[{"@type":"ListItem","position":1,"name":"Startseite","item":"https:\/\/www.pharmsultation.com\/de\/"},{"@type":"ListItem","position":2,"name":"Shop","item":"https:\/\/www.pharmsultation.com\/de\/shop\/"},{"@type":"ListItem","position":3,"name":"NICOtinamid RIBOside"}]},{"@type":"WebSite","@id":"https:\/\/www.pharmsultation.com\/de\/#website","url":"https:\/\/www.pharmsultation.com\/de\/","name":"PharmSultation - Pharma & Industries Services","description":"","publisher":{"@id":"https:\/\/www.pharmsultation.com\/de\/#organization"},"potentialAction":[{"@type":"SearchAction","target":{"@type":"EntryPoint","urlTemplate":"https:\/\/www.pharmsultation.com\/de\/?s={search_term_string}"},"query-input":{"@type":"PropertyValueSpecification","valueRequired":true,"valueName":"search_term_string"}}],"inLanguage":"de"},{"@type":"Organization","@id":"https:\/\/www.pharmsultation.com\/de\/#organization","name":"PharmSultation","url":"https:\/\/www.pharmsultation.com\/de\/","logo":{"@type":"ImageObject","inLanguage":"de","@id":"https:\/\/www.pharmsultation.com\/de\/#\/schema\/logo\/image\/","url":"https:\/\/www.pharmsultation.com\/wp-content\/uploads\/2023\/05\/customcolor_logo_transparent_background.png","contentUrl":"https:\/\/www.pharmsultation.com\/wp-content\/uploads\/2023\/05\/customcolor_logo_transparent_background.png","width":3125,"height":1875,"caption":"PharmSultation"},"image":{"@id":"https:\/\/www.pharmsultation.com\/de\/#\/schema\/logo\/image\/"}}]}},"jetpack_sharing_enabled":true,"_links":{"self":[{"href":"https:\/\/www.pharmsultation.com\/de\/wp-json\/wp\/v2\/product\/5693","targetHints":{"allow":["GET"]}}],"collection":[{"href":"https:\/\/www.pharmsultation.com\/de\/wp-json\/wp\/v2\/product"}],"about":[{"href":"https:\/\/www.pharmsultation.com\/de\/wp-json\/wp\/v2\/types\/product"}],"wp:featuredmedia":[{"embeddable":true,"href":"https:\/\/www.pharmsultation.com\/de\/wp-json\/wp\/v2\/media\/2875"}],"wp:attachment":[{"href":"https:\/\/www.pharmsultation.com\/de\/wp-json\/wp\/v2\/media?parent=5693"}],"wp:term":[{"taxonomy":"product_brand","embeddable":true,"href":"https:\/\/www.pharmsultation.com\/de\/wp-json\/wp\/v2\/product_brand?post=5693"},{"taxonomy":"product_cat","embeddable":true,"href":"https:\/\/www.pharmsultation.com\/de\/wp-json\/wp\/v2\/product_cat?post=5693"},{"taxonomy":"product_tag","embeddable":true,"href":"https:\/\/www.pharmsultation.com\/de\/wp-json\/wp\/v2\/product_tag?post=5693"}],"curies":[{"name":"wp","href":"https:\/\/api.w.org\/{rel}","templated":true}]}}