{"id":5503,"date":"2024-02-24T15:16:32","date_gmt":"2024-02-24T14:16:32","guid":{"rendered":"https:\/\/test.pharmsultation.com\/nuestras-capsulas\/"},"modified":"2025-05-11T14:30:38","modified_gmt":"2025-05-11T12:30:38","slug":"nuestras-capsulas","status":"publish","type":"page","link":"https:\/\/www.pharmsultation.com\/es\/nuestras-capsulas\/","title":{"rendered":"Nuestras c\u00e1psulas"},"content":{"rendered":"\t\t<div data-elementor-type=\"wp-page\" data-elementor-id=\"5503\" class=\"elementor elementor-5503 elementor-270\" data-elementor-post-type=\"page\">\n\t\t\t\t<div class=\"elementor-element elementor-element-723c3a6 e-con-full e-flex e-con e-parent\" data-id=\"723c3a6\" data-element_type=\"container\">\n\t\t\t\t<div class=\"elementor-element elementor-element-7e10eeb elementor-widget elementor-widget-image\" data-id=\"7e10eeb\" data-element_type=\"widget\" data-widget_type=\"image.default\">\n\t\t\t\t<div class=\"elementor-widget-container\">\n\t\t\t\t\t\t\t\t\t\t\t\t\t\t\t<img decoding=\"async\" src=\"https:\/\/www.pharmsultation.com\/wp-content\/uploads\/elementor\/thumbs\/customcolor_logo_transparent_background-1024x614-1-q647ssh1flx08fv0ggk1iapmka5wnh2ysl8s52f5kw.png\" title=\"Logo\" alt=\"Logo\" loading=\"lazy\" \/>\t\t\t\t\t\t\t\t\t\t\t\t\t\t\t<\/div>\n\t\t\t\t<\/div>\n\t\t\t\t<\/div>\n\t\t<div class=\"elementor-element elementor-element-654d6a2 e-flex e-con-boxed e-con e-parent\" data-id=\"654d6a2\" data-element_type=\"container\">\n\t\t\t\t\t<div class=\"e-con-inner\">\n\t\t\t\t<div class=\"elementor-element elementor-element-6efeb66 elementor-widget elementor-widget-heading\" data-id=\"6efeb66\" data-element_type=\"widget\" data-widget_type=\"heading.default\">\n\t\t\t\t<div class=\"elementor-widget-container\">\n\t\t\t\t\t<div class=\"elementor-heading-title elementor-size-default\">Nuestras c\u00e1psulas<\/div>\t\t\t\t<\/div>\n\t\t\t\t<\/div>\n\t\t\t\t\t<\/div>\n\t\t\t\t<\/div>\n\t\t<div class=\"elementor-element elementor-element-3bce369 e-flex e-con-boxed e-con e-parent\" data-id=\"3bce369\" data-element_type=\"container\">\n\t\t\t\t\t<div class=\"e-con-inner\">\n\t\t\t\t<div class=\"elementor-element elementor-element-6c2da7d elementor-widget elementor-widget-text-editor\" data-id=\"6c2da7d\" data-element_type=\"widget\" data-widget_type=\"text-editor.default\">\n\t\t\t\t<div class=\"elementor-widget-container\">\n\t\t\t\t\t\t\t\t\t<p>Un supercomplemento alimenticio requiere responsabilidad y amplios conocimientos t\u00e9cnicos.<br aria-hidden=\"true\"><br aria-hidden=\"true\">En PharmSultation nos esforzamos al m\u00e1ximo con un historial probado para suministrar al mercado y a los clientes productos seleccionados.<br aria-hidden=\"true\">No importa si se trata de nuestros propios productos o del desarrollo para nuestros valiosos clientes, ofrecemos calidad en todo momento.<br aria-hidden=\"true\"><br aria-hidden=\"true\">Para nosotros el medio ambiente es muy importante y mantenemos un alto nivel de sostenibilidad.<br aria-hidden=\"true\">Trabajamos duro y con el m\u00e1ximo enfoque para que nuestros productos y el medio ambiente tengan los m\u00e1s altos niveles de calidad.<br aria-hidden=\"true\"><br aria-hidden=\"true\">Desde el principio hemos querido dejar una gran huella bien conocida donde todo el mundo pueda creer y confiar en nosotros &#8211; la confianza importa.<br aria-hidden=\"true\">Nuestras c\u00e1psulas y todos los dem\u00e1s productos no est\u00e1n rellenos s\u00f3lo con un polvo o algunos gr\u00e1nulos comprimidos como una tableta. Todos ellos est\u00e1n llenos de una alta concentraci\u00f3n de polvo org\u00e1nico y en su mayor\u00eda en combinaci\u00f3n con otro suplemento para apoyar su bienestar y la salud. En PharmSultation queremos apoyarle y acompa\u00f1arle mientras se esfuerza y explora nuevos caminos para usted. Estamos orgullosos de ser los primeros que desarrollaron para varios productos estas c\u00e1psulas 100% vegetales y veganas.<br aria-hidden=\"true\">En PharmSultation los productos est\u00e1n libres de colorantes o conservantes y adem\u00e1s como cualquier tipo de potenciadores del sabor.<br aria-hidden=\"true\">Especialmente la vez que quiere aumentar su salud es perfecto, no importa en casa, en la oficina o en movimiento.<br aria-hidden=\"true\">\u00danete a una nueva experiencia con nosotros.   <br aria-hidden=\"true\"><br aria-hidden=\"true\"><b>NUESTRA GARANT\u00cdA DE CALIDAD:<\/b><\/p><p><br aria-hidden=\"true\">Sin pesticidas, sabores artificiales prohibidos y potenciadores del sabor eliminados.<br aria-hidden=\"true\"><br><\/p>\t\t\t\t\t\t\t\t<\/div>\n\t\t\t\t<\/div>\n\t\t\t\t\t<\/div>\n\t\t\t\t<\/div>\n\t\t<div class=\"elementor-element elementor-element-b99f855 e-flex e-con-boxed e-con e-parent\" data-id=\"b99f855\" data-element_type=\"container\">\n\t\t\t\t\t<div class=\"e-con-inner\">\n\t\t\t\t<div class=\"elementor-element elementor-element-c24eb89 elementor-nav-menu__align-center elementor-nav-menu--dropdown-tablet elementor-nav-menu__text-align-aside elementor-nav-menu--toggle elementor-nav-menu--burger elementor-widget elementor-widget-nav-menu\" data-id=\"c24eb89\" data-element_type=\"widget\" data-settings=\"{&quot;layout&quot;:&quot;horizontal&quot;,&quot;submenu_icon&quot;:{&quot;value&quot;:&quot;&lt;i class=\\&quot;fas fa-caret-down\\&quot; aria-hidden=\\&quot;true\\&quot;&gt;&lt;\\\/i&gt;&quot;,&quot;library&quot;:&quot;fa-solid&quot;},&quot;toggle&quot;:&quot;burger&quot;}\" data-widget_type=\"nav-menu.default\">\n\t\t\t\t<div class=\"elementor-widget-container\">\n\t\t\t\t\t\t\t\t<nav aria-label=\"Menu\" class=\"elementor-nav-menu--main elementor-nav-menu__container elementor-nav-menu--layout-horizontal e--pointer-underline e--animation-fade\">\n\t\t\t\t<ul id=\"menu-1-c24eb89\" class=\"elementor-nav-menu\"><li class=\"menu-item menu-item-type-custom menu-item-object-custom menu-item-317\"><a href=\"https:\/\/www.pharmsultation.com\/\" class=\"elementor-item\">Home<\/a><\/li>\n<li class=\"menu-item menu-item-type-post_type menu-item-object-page menu-item-811\"><a href=\"https:\/\/www.pharmsultation.com\/impressum\/\" class=\"elementor-item\">Pie de imprenta<\/a><\/li>\n<li class=\"menu-item menu-item-type-post_type menu-item-object-page menu-item-390\"><a href=\"https:\/\/www.pharmsultation.com\/contact-us\/\" class=\"elementor-item\">Contacte con nosotros<\/a><\/li>\n<li class=\"menu-item menu-item-type-post_type menu-item-object-page menu-item-771\"><a href=\"https:\/\/www.pharmsultation.com\/terms-of-service\/\" class=\"elementor-item\">Condiciones de servicio<\/a><\/li>\n<li class=\"menu-item menu-item-type-post_type menu-item-object-page menu-item-316\"><a href=\"https:\/\/www.pharmsultation.com\/privacy-policy\/\" class=\"elementor-item\">Pol\u00edtica de privacidad<\/a><\/li>\n<li class=\"menu-item menu-item-type-post_type menu-item-object-page menu-item-794\"><a href=\"https:\/\/www.pharmsultation.com\/return-and-refund-policy\/\" class=\"elementor-item\">Pol\u00edtica de devoluciones y reembolsos<\/a><\/li>\n<li class=\"menu-item menu-item-type-post_type menu-item-object-page menu-item-784\"><a href=\"https:\/\/www.pharmsultation.com\/cookies-policy\/\" class=\"elementor-item\">Pol\u00edtica de cookies<\/a><\/li>\n<\/ul>\t\t\t<\/nav>\n\t\t\t\t\t<div class=\"elementor-menu-toggle\" role=\"button\" tabindex=\"0\" aria-label=\"Alternar men\u00fa\" aria-expanded=\"false\">\n\t\t\t<i aria-hidden=\"true\" role=\"presentation\" class=\"elementor-menu-toggle__icon--open eicon-menu-bar\"><\/i><i aria-hidden=\"true\" role=\"presentation\" class=\"elementor-menu-toggle__icon--close eicon-close\"><\/i>\t\t<\/div>\n\t\t\t\t\t<nav class=\"elementor-nav-menu--dropdown elementor-nav-menu__container\" aria-hidden=\"true\">\n\t\t\t\t<ul id=\"menu-2-c24eb89\" class=\"elementor-nav-menu\"><li class=\"menu-item menu-item-type-custom menu-item-object-custom menu-item-317\"><a href=\"https:\/\/www.pharmsultation.com\/\" class=\"elementor-item\" tabindex=\"-1\">Home<\/a><\/li>\n<li class=\"menu-item menu-item-type-post_type menu-item-object-page menu-item-811\"><a href=\"https:\/\/www.pharmsultation.com\/impressum\/\" class=\"elementor-item\" tabindex=\"-1\">Pie de imprenta<\/a><\/li>\n<li class=\"menu-item menu-item-type-post_type menu-item-object-page menu-item-390\"><a href=\"https:\/\/www.pharmsultation.com\/contact-us\/\" class=\"elementor-item\" tabindex=\"-1\">Contacte con nosotros<\/a><\/li>\n<li class=\"menu-item menu-item-type-post_type menu-item-object-page menu-item-771\"><a href=\"https:\/\/www.pharmsultation.com\/terms-of-service\/\" class=\"elementor-item\" tabindex=\"-1\">Condiciones de servicio<\/a><\/li>\n<li class=\"menu-item menu-item-type-post_type menu-item-object-page menu-item-316\"><a href=\"https:\/\/www.pharmsultation.com\/privacy-policy\/\" class=\"elementor-item\" tabindex=\"-1\">Pol\u00edtica de privacidad<\/a><\/li>\n<li class=\"menu-item menu-item-type-post_type menu-item-object-page menu-item-794\"><a href=\"https:\/\/www.pharmsultation.com\/return-and-refund-policy\/\" class=\"elementor-item\" tabindex=\"-1\">Pol\u00edtica de devoluciones y reembolsos<\/a><\/li>\n<li class=\"menu-item menu-item-type-post_type menu-item-object-page menu-item-784\"><a href=\"https:\/\/www.pharmsultation.com\/cookies-policy\/\" class=\"elementor-item\" tabindex=\"-1\">Pol\u00edtica de cookies<\/a><\/li>\n<\/ul>\t\t\t<\/nav>\n\t\t\t\t\t\t<\/div>\n\t\t\t\t<\/div>\n\t\t\t\t\t<\/div>\n\t\t\t\t<\/div>\n\t\t\t\t<\/div>\n\t\t","protected":false},"excerpt":{"rendered":"<p>Nuestras c\u00e1psulas Un supercomplemento alimenticio requiere responsabilidad y amplios conocimientos t\u00e9cnicos.En PharmSultation nos esforzamos al m\u00e1ximo con un historial probado para suministrar al mercado y a los clientes productos seleccionados.No importa si se trata de nuestros propios productos o del desarrollo para nuestros valiosos clientes, ofrecemos calidad en todo momento.Para nosotros el medio ambiente es [&hellip;]<\/p>\n","protected":false},"author":2,"featured_media":0,"parent":0,"menu_order":0,"comment_status":"closed","ping_status":"closed","template":"elementor_theme","meta":{"footnotes":""},"class_list":["post-5503","page","type-page","status-publish","hentry"],"yoast_head":"<!-- This site is optimized with the Yoast SEO plugin v26.8 - https:\/\/yoast.com\/product\/yoast-seo-wordpress\/ -->\n<title>PharmSultation - Nuestros productos : C\u00e1psulas<\/title>\n<meta name=\"description\" content=\"Nuestras c\u00e1psulas y dem\u00e1s productos no s\u00f3lo se rellenan con un polvo o unos gr\u00e1nulos comprimidos como una tableta ...\" \/>\n<meta name=\"robots\" content=\"index, follow, max-snippet:-1, max-image-preview:large, max-video-preview:-1\" \/>\n<link rel=\"canonical\" href=\"https:\/\/www.pharmsultation.com\/es\/nuestras-capsulas\/\" \/>\n<meta property=\"og:locale\" content=\"es_ES\" \/>\n<meta property=\"og:type\" content=\"article\" \/>\n<meta property=\"og:title\" content=\"PharmSultation - Nuestros productos : C\u00e1psulas\" \/>\n<meta property=\"og:description\" content=\"Nuestras c\u00e1psulas y dem\u00e1s productos no s\u00f3lo se rellenan con un polvo o unos gr\u00e1nulos comprimidos como una tableta ...\" \/>\n<meta property=\"og:url\" content=\"https:\/\/www.pharmsultation.com\/es\/nuestras-capsulas\/\" \/>\n<meta property=\"article:modified_time\" content=\"2025-05-11T12:30:38+00:00\" \/>\n<meta property=\"og:image\" content=\"https:\/\/test.pharmsultation.com\/wp-content\/uploads\/elementor\/thumbs\/customcolor_logo_transparent_background-1024x614-1-q647ssh1flx08fv0ggk1iapmka5wnh2ysl8s52f5kw.png\" \/>\n<meta name=\"twitter:card\" content=\"summary_large_image\" \/>\n<meta name=\"twitter:label1\" content=\"Tiempo de lectura\" \/>\n\t<meta name=\"twitter:data1\" content=\"1 minuto\" \/>\n<script type=\"application\/ld+json\" class=\"yoast-schema-graph\">{\"@context\":\"https:\/\/schema.org\",\"@graph\":[{\"@type\":\"WebPage\",\"@id\":\"https:\/\/www.pharmsultation.com\/es\/nuestras-capsulas\/\",\"url\":\"https:\/\/www.pharmsultation.com\/es\/nuestras-capsulas\/\",\"name\":\"PharmSultation - Nuestros productos : C\u00e1psulas\",\"isPartOf\":{\"@id\":\"https:\/\/www.pharmsultation.com\/es\/#website\"},\"primaryImageOfPage\":{\"@id\":\"https:\/\/www.pharmsultation.com\/es\/nuestras-capsulas\/#primaryimage\"},\"image\":{\"@id\":\"https:\/\/www.pharmsultation.com\/es\/nuestras-capsulas\/#primaryimage\"},\"thumbnailUrl\":\"https:\/\/test.pharmsultation.com\/wp-content\/uploads\/elementor\/thumbs\/customcolor_logo_transparent_background-1024x614-1-q647ssh1flx08fv0ggk1iapmka5wnh2ysl8s52f5kw.png\",\"datePublished\":\"2024-02-24T14:16:32+00:00\",\"dateModified\":\"2025-05-11T12:30:38+00:00\",\"description\":\"Nuestras c\u00e1psulas y dem\u00e1s productos no s\u00f3lo se rellenan con un polvo o unos gr\u00e1nulos comprimidos como una tableta ...\",\"breadcrumb\":{\"@id\":\"https:\/\/www.pharmsultation.com\/es\/nuestras-capsulas\/#breadcrumb\"},\"inLanguage\":\"es\",\"potentialAction\":[{\"@type\":\"ReadAction\",\"target\":[\"https:\/\/www.pharmsultation.com\/es\/nuestras-capsulas\/\"]}]},{\"@type\":\"ImageObject\",\"inLanguage\":\"es\",\"@id\":\"https:\/\/www.pharmsultation.com\/es\/nuestras-capsulas\/#primaryimage\",\"url\":\"https:\/\/test.pharmsultation.com\/wp-content\/uploads\/elementor\/thumbs\/customcolor_logo_transparent_background-1024x614-1-q647ssh1flx08fv0ggk1iapmka5wnh2ysl8s52f5kw.png\",\"contentUrl\":\"https:\/\/test.pharmsultation.com\/wp-content\/uploads\/elementor\/thumbs\/customcolor_logo_transparent_background-1024x614-1-q647ssh1flx08fv0ggk1iapmka5wnh2ysl8s52f5kw.png\"},{\"@type\":\"BreadcrumbList\",\"@id\":\"https:\/\/www.pharmsultation.com\/es\/nuestras-capsulas\/#breadcrumb\",\"itemListElement\":[{\"@type\":\"ListItem\",\"position\":1,\"name\":\"Inicio\",\"item\":\"https:\/\/www.pharmsultation.com\/es\/\"},{\"@type\":\"ListItem\",\"position\":2,\"name\":\"Nuestras c\u00e1psulas\"}]},{\"@type\":\"WebSite\",\"@id\":\"https:\/\/www.pharmsultation.com\/es\/#website\",\"url\":\"https:\/\/www.pharmsultation.com\/es\/\",\"name\":\"PharmSultation - Pharma & Industries Services\",\"description\":\"\",\"publisher\":{\"@id\":\"https:\/\/www.pharmsultation.com\/es\/#organization\"},\"potentialAction\":[{\"@type\":\"SearchAction\",\"target\":{\"@type\":\"EntryPoint\",\"urlTemplate\":\"https:\/\/www.pharmsultation.com\/es\/?s={search_term_string}\"},\"query-input\":{\"@type\":\"PropertyValueSpecification\",\"valueRequired\":true,\"valueName\":\"search_term_string\"}}],\"inLanguage\":\"es\"},{\"@type\":\"Organization\",\"@id\":\"https:\/\/www.pharmsultation.com\/es\/#organization\",\"name\":\"PharmSultation\",\"url\":\"https:\/\/www.pharmsultation.com\/es\/\",\"logo\":{\"@type\":\"ImageObject\",\"inLanguage\":\"es\",\"@id\":\"https:\/\/www.pharmsultation.com\/es\/#\/schema\/logo\/image\/\",\"url\":\"https:\/\/www.pharmsultation.com\/wp-content\/uploads\/2023\/05\/customcolor_logo_transparent_background.png\",\"contentUrl\":\"https:\/\/www.pharmsultation.com\/wp-content\/uploads\/2023\/05\/customcolor_logo_transparent_background.png\",\"width\":3125,\"height\":1875,\"caption\":\"PharmSultation\"},\"image\":{\"@id\":\"https:\/\/www.pharmsultation.com\/es\/#\/schema\/logo\/image\/\"}}]}<\/script>\n<!-- \/ Yoast SEO plugin. -->","yoast_head_json":{"title":"PharmSultation - Nuestros productos : C\u00e1psulas","description":"Nuestras c\u00e1psulas y dem\u00e1s productos no s\u00f3lo se rellenan con un polvo o unos gr\u00e1nulos comprimidos como una tableta ...","robots":{"index":"index","follow":"follow","max-snippet":"max-snippet:-1","max-image-preview":"max-image-preview:large","max-video-preview":"max-video-preview:-1"},"canonical":"https:\/\/www.pharmsultation.com\/es\/nuestras-capsulas\/","og_locale":"es_ES","og_type":"article","og_title":"PharmSultation - Nuestros productos : C\u00e1psulas","og_description":"Nuestras c\u00e1psulas y dem\u00e1s productos no s\u00f3lo se rellenan con un polvo o unos gr\u00e1nulos comprimidos como una tableta ...","og_url":"https:\/\/www.pharmsultation.com\/es\/nuestras-capsulas\/","article_modified_time":"2025-05-11T12:30:38+00:00","og_image":[{"url":"https:\/\/test.pharmsultation.com\/wp-content\/uploads\/elementor\/thumbs\/customcolor_logo_transparent_background-1024x614-1-q647ssh1flx08fv0ggk1iapmka5wnh2ysl8s52f5kw.png","type":"","width":"","height":""}],"twitter_card":"summary_large_image","twitter_misc":{"Tiempo de lectura":"1 minuto"},"schema":{"@context":"https:\/\/schema.org","@graph":[{"@type":"WebPage","@id":"https:\/\/www.pharmsultation.com\/es\/nuestras-capsulas\/","url":"https:\/\/www.pharmsultation.com\/es\/nuestras-capsulas\/","name":"PharmSultation - Nuestros productos : C\u00e1psulas","isPartOf":{"@id":"https:\/\/www.pharmsultation.com\/es\/#website"},"primaryImageOfPage":{"@id":"https:\/\/www.pharmsultation.com\/es\/nuestras-capsulas\/#primaryimage"},"image":{"@id":"https:\/\/www.pharmsultation.com\/es\/nuestras-capsulas\/#primaryimage"},"thumbnailUrl":"https:\/\/test.pharmsultation.com\/wp-content\/uploads\/elementor\/thumbs\/customcolor_logo_transparent_background-1024x614-1-q647ssh1flx08fv0ggk1iapmka5wnh2ysl8s52f5kw.png","datePublished":"2024-02-24T14:16:32+00:00","dateModified":"2025-05-11T12:30:38+00:00","description":"Nuestras c\u00e1psulas y dem\u00e1s productos no s\u00f3lo se rellenan con un polvo o unos gr\u00e1nulos comprimidos como una tableta ...","breadcrumb":{"@id":"https:\/\/www.pharmsultation.com\/es\/nuestras-capsulas\/#breadcrumb"},"inLanguage":"es","potentialAction":[{"@type":"ReadAction","target":["https:\/\/www.pharmsultation.com\/es\/nuestras-capsulas\/"]}]},{"@type":"ImageObject","inLanguage":"es","@id":"https:\/\/www.pharmsultation.com\/es\/nuestras-capsulas\/#primaryimage","url":"https:\/\/test.pharmsultation.com\/wp-content\/uploads\/elementor\/thumbs\/customcolor_logo_transparent_background-1024x614-1-q647ssh1flx08fv0ggk1iapmka5wnh2ysl8s52f5kw.png","contentUrl":"https:\/\/test.pharmsultation.com\/wp-content\/uploads\/elementor\/thumbs\/customcolor_logo_transparent_background-1024x614-1-q647ssh1flx08fv0ggk1iapmka5wnh2ysl8s52f5kw.png"},{"@type":"BreadcrumbList","@id":"https:\/\/www.pharmsultation.com\/es\/nuestras-capsulas\/#breadcrumb","itemListElement":[{"@type":"ListItem","position":1,"name":"Inicio","item":"https:\/\/www.pharmsultation.com\/es\/"},{"@type":"ListItem","position":2,"name":"Nuestras c\u00e1psulas"}]},{"@type":"WebSite","@id":"https:\/\/www.pharmsultation.com\/es\/#website","url":"https:\/\/www.pharmsultation.com\/es\/","name":"PharmSultation - Pharma & Industries Services","description":"","publisher":{"@id":"https:\/\/www.pharmsultation.com\/es\/#organization"},"potentialAction":[{"@type":"SearchAction","target":{"@type":"EntryPoint","urlTemplate":"https:\/\/www.pharmsultation.com\/es\/?s={search_term_string}"},"query-input":{"@type":"PropertyValueSpecification","valueRequired":true,"valueName":"search_term_string"}}],"inLanguage":"es"},{"@type":"Organization","@id":"https:\/\/www.pharmsultation.com\/es\/#organization","name":"PharmSultation","url":"https:\/\/www.pharmsultation.com\/es\/","logo":{"@type":"ImageObject","inLanguage":"es","@id":"https:\/\/www.pharmsultation.com\/es\/#\/schema\/logo\/image\/","url":"https:\/\/www.pharmsultation.com\/wp-content\/uploads\/2023\/05\/customcolor_logo_transparent_background.png","contentUrl":"https:\/\/www.pharmsultation.com\/wp-content\/uploads\/2023\/05\/customcolor_logo_transparent_background.png","width":3125,"height":1875,"caption":"PharmSultation"},"image":{"@id":"https:\/\/www.pharmsultation.com\/es\/#\/schema\/logo\/image\/"}}]}},"jetpack_sharing_enabled":true,"_links":{"self":[{"href":"https:\/\/www.pharmsultation.com\/es\/wp-json\/wp\/v2\/pages\/5503","targetHints":{"allow":["GET"]}}],"collection":[{"href":"https:\/\/www.pharmsultation.com\/es\/wp-json\/wp\/v2\/pages"}],"about":[{"href":"https:\/\/www.pharmsultation.com\/es\/wp-json\/wp\/v2\/types\/page"}],"author":[{"embeddable":true,"href":"https:\/\/www.pharmsultation.com\/es\/wp-json\/wp\/v2\/users\/2"}],"replies":[{"embeddable":true,"href":"https:\/\/www.pharmsultation.com\/es\/wp-json\/wp\/v2\/comments?post=5503"}],"version-history":[{"count":1,"href":"https:\/\/www.pharmsultation.com\/es\/wp-json\/wp\/v2\/pages\/5503\/revisions"}],"predecessor-version":[{"id":5516,"href":"https:\/\/www.pharmsultation.com\/es\/wp-json\/wp\/v2\/pages\/5503\/revisions\/5516"}],"wp:attachment":[{"href":"https:\/\/www.pharmsultation.com\/es\/wp-json\/wp\/v2\/media?parent=5503"}],"curies":[{"name":"wp","href":"https:\/\/api.w.org\/{rel}","templated":true}]}}