{"id":5585,"date":"2024-04-21T19:17:05","date_gmt":"2024-04-21T17:17:05","guid":{"rendered":"https:\/\/test.pharmsultation.com\/nuestras-tabletas\/"},"modified":"2025-05-11T14:31:02","modified_gmt":"2025-05-11T12:31:02","slug":"nuestras-tabletas","status":"publish","type":"page","link":"https:\/\/www.pharmsultation.com\/es\/nuestras-tabletas\/","title":{"rendered":"Nuestras tabletas"},"content":{"rendered":"\t\t<div data-elementor-type=\"wp-page\" data-elementor-id=\"5585\" class=\"elementor elementor-5585 elementor-355\" data-elementor-post-type=\"page\">\n\t\t\t\t<div class=\"elementor-element elementor-element-035d2d5 e-con-full e-flex e-con e-parent\" data-id=\"035d2d5\" data-element_type=\"container\">\n\t\t\t\t<div class=\"elementor-element elementor-element-1da8afb elementor-widget elementor-widget-image\" data-id=\"1da8afb\" data-element_type=\"widget\" data-widget_type=\"image.default\">\n\t\t\t\t<div class=\"elementor-widget-container\">\n\t\t\t\t\t\t\t\t\t\t\t\t\t\t\t<img decoding=\"async\" src=\"https:\/\/www.pharmsultation.com\/wp-content\/uploads\/elementor\/thumbs\/customcolor_logo_transparent_background-1024x614-1-q647ssh1flx08fv0ggk1iapmka5wnh2ysl8s52f5kw.png\" title=\"Logo\" alt=\"Logo\" loading=\"lazy\" \/>\t\t\t\t\t\t\t\t\t\t\t\t\t\t\t<\/div>\n\t\t\t\t<\/div>\n\t\t\t\t<\/div>\n\t\t<div class=\"elementor-element elementor-element-76281b6 e-flex e-con-boxed e-con e-parent\" data-id=\"76281b6\" data-element_type=\"container\">\n\t\t\t\t\t<div class=\"e-con-inner\">\n\t\t\t\t<div class=\"elementor-element elementor-element-89ac00b elementor-widget elementor-widget-heading\" data-id=\"89ac00b\" data-element_type=\"widget\" data-widget_type=\"heading.default\">\n\t\t\t\t<div class=\"elementor-widget-container\">\n\t\t\t\t\t<div class=\"elementor-heading-title elementor-size-default\">Comprimidos \/ Comprimidos recubiertos con pel\u00edcula<\/div>\t\t\t\t<\/div>\n\t\t\t\t<\/div>\n\t\t\t\t\t<\/div>\n\t\t\t\t<\/div>\n\t\t<div class=\"elementor-element elementor-element-0a5bfc7 e-flex e-con-boxed e-con e-parent\" data-id=\"0a5bfc7\" data-element_type=\"container\">\n\t\t\t\t\t<div class=\"e-con-inner\">\n\t\t\t\t<div class=\"elementor-element elementor-element-1e3bfe4 elementor-widget elementor-widget-text-editor\" data-id=\"1e3bfe4\" data-element_type=\"widget\" data-widget_type=\"text-editor.default\">\n\t\t\t\t<div class=\"elementor-widget-container\">\n\t\t\t\t\t\t\t\t\t<p>Cuando se trata de comprimidos, tenemos los dos tipos principales: comprimidos de alta calidad y comprimidos recubiertos con pel\u00edcula. Nuestros productos de alta calidad est\u00e1n elaborados con ingredientes superiores y normas de producci\u00f3n de alta gama, lo que garantiza su eficacia y pureza bajo los m\u00e1s altos est\u00e1ndares de calidad.<br>Los comprimidos recubiertos con pel\u00edcula tienen una fina capa de recubrimiento que facilita su ingesti\u00f3n y enmascara cualquier sabor desagradable. Ambos los producimos y desarrollamos con la m\u00e1xima pasi\u00f3n para ofrecer un producto absolutamente fiable que combine la calidad y el apoyo esperado para usted y su salud.  <\/p>\t\t\t\t\t\t\t\t<\/div>\n\t\t\t\t<\/div>\n\t\t\t\t\t<\/div>\n\t\t\t\t<\/div>\n\t\t<div class=\"elementor-element elementor-element-5a0a8c8 e-flex e-con-boxed e-con e-parent\" data-id=\"5a0a8c8\" data-element_type=\"container\">\n\t\t\t\t\t<div class=\"e-con-inner\">\n\t\t\t\t<div class=\"elementor-element elementor-element-0f891c2 elementor-nav-menu__align-center elementor-nav-menu--dropdown-tablet elementor-nav-menu__text-align-aside elementor-nav-menu--toggle elementor-nav-menu--burger elementor-widget elementor-widget-nav-menu\" data-id=\"0f891c2\" data-element_type=\"widget\" data-settings=\"{&quot;layout&quot;:&quot;horizontal&quot;,&quot;submenu_icon&quot;:{&quot;value&quot;:&quot;&lt;i class=\\&quot;fas fa-caret-down\\&quot; aria-hidden=\\&quot;true\\&quot;&gt;&lt;\\\/i&gt;&quot;,&quot;library&quot;:&quot;fa-solid&quot;},&quot;toggle&quot;:&quot;burger&quot;}\" data-widget_type=\"nav-menu.default\">\n\t\t\t\t<div class=\"elementor-widget-container\">\n\t\t\t\t\t\t\t\t<nav aria-label=\"Men\u00fa\" class=\"elementor-nav-menu--main elementor-nav-menu__container elementor-nav-menu--layout-horizontal e--pointer-underline e--animation-fade\">\n\t\t\t\t<ul id=\"menu-1-0f891c2\" class=\"elementor-nav-menu\"><li class=\"menu-item menu-item-type-custom menu-item-object-custom menu-item-317\"><a href=\"https:\/\/www.pharmsultation.com\/\" class=\"elementor-item\">Home<\/a><\/li>\n<li class=\"menu-item menu-item-type-post_type menu-item-object-page menu-item-811\"><a href=\"https:\/\/www.pharmsultation.com\/impressum\/\" class=\"elementor-item\">Pie de imprenta<\/a><\/li>\n<li class=\"menu-item menu-item-type-post_type menu-item-object-page menu-item-390\"><a href=\"https:\/\/www.pharmsultation.com\/contact-us\/\" class=\"elementor-item\">Contacte con nosotros<\/a><\/li>\n<li class=\"menu-item menu-item-type-post_type menu-item-object-page menu-item-771\"><a href=\"https:\/\/www.pharmsultation.com\/terms-of-service\/\" class=\"elementor-item\">Condiciones de servicio<\/a><\/li>\n<li class=\"menu-item menu-item-type-post_type menu-item-object-page menu-item-316\"><a href=\"https:\/\/www.pharmsultation.com\/privacy-policy\/\" class=\"elementor-item\">Pol\u00edtica de privacidad<\/a><\/li>\n<li class=\"menu-item menu-item-type-post_type menu-item-object-page menu-item-794\"><a href=\"https:\/\/www.pharmsultation.com\/return-and-refund-policy\/\" class=\"elementor-item\">Pol\u00edtica de devoluciones y reembolsos<\/a><\/li>\n<li class=\"menu-item menu-item-type-post_type menu-item-object-page menu-item-784\"><a href=\"https:\/\/www.pharmsultation.com\/cookies-policy\/\" class=\"elementor-item\">Pol\u00edtica de cookies<\/a><\/li>\n<\/ul>\t\t\t<\/nav>\n\t\t\t\t\t<div class=\"elementor-menu-toggle\" role=\"button\" tabindex=\"0\" aria-label=\"Alternar men\u00fa\" aria-expanded=\"false\">\n\t\t\t<i aria-hidden=\"true\" role=\"presentation\" class=\"elementor-menu-toggle__icon--open eicon-menu-bar\"><\/i><i aria-hidden=\"true\" role=\"presentation\" class=\"elementor-menu-toggle__icon--close eicon-close\"><\/i>\t\t<\/div>\n\t\t\t\t\t<nav class=\"elementor-nav-menu--dropdown elementor-nav-menu__container\" aria-hidden=\"true\">\n\t\t\t\t<ul id=\"menu-2-0f891c2\" class=\"elementor-nav-menu\"><li class=\"menu-item menu-item-type-custom menu-item-object-custom menu-item-317\"><a href=\"https:\/\/www.pharmsultation.com\/\" class=\"elementor-item\" tabindex=\"-1\">Home<\/a><\/li>\n<li class=\"menu-item menu-item-type-post_type menu-item-object-page menu-item-811\"><a href=\"https:\/\/www.pharmsultation.com\/impressum\/\" class=\"elementor-item\" tabindex=\"-1\">Pie de imprenta<\/a><\/li>\n<li class=\"menu-item menu-item-type-post_type menu-item-object-page menu-item-390\"><a href=\"https:\/\/www.pharmsultation.com\/contact-us\/\" class=\"elementor-item\" tabindex=\"-1\">Contacte con nosotros<\/a><\/li>\n<li class=\"menu-item menu-item-type-post_type menu-item-object-page menu-item-771\"><a href=\"https:\/\/www.pharmsultation.com\/terms-of-service\/\" class=\"elementor-item\" tabindex=\"-1\">Condiciones de servicio<\/a><\/li>\n<li class=\"menu-item menu-item-type-post_type menu-item-object-page menu-item-316\"><a href=\"https:\/\/www.pharmsultation.com\/privacy-policy\/\" class=\"elementor-item\" tabindex=\"-1\">Pol\u00edtica de privacidad<\/a><\/li>\n<li class=\"menu-item menu-item-type-post_type menu-item-object-page menu-item-794\"><a href=\"https:\/\/www.pharmsultation.com\/return-and-refund-policy\/\" class=\"elementor-item\" tabindex=\"-1\">Pol\u00edtica de devoluciones y reembolsos<\/a><\/li>\n<li class=\"menu-item menu-item-type-post_type menu-item-object-page menu-item-784\"><a href=\"https:\/\/www.pharmsultation.com\/cookies-policy\/\" class=\"elementor-item\" tabindex=\"-1\">Pol\u00edtica de cookies<\/a><\/li>\n<\/ul>\t\t\t<\/nav>\n\t\t\t\t\t\t<\/div>\n\t\t\t\t<\/div>\n\t\t\t\t\t<\/div>\n\t\t\t\t<\/div>\n\t\t\t\t<\/div>\n\t\t","protected":false},"excerpt":{"rendered":"<p>Comprimidos \/ Comprimidos recubiertos con pel\u00edcula Cuando se trata de comprimidos, tenemos los dos tipos principales: comprimidos de alta calidad y comprimidos recubiertos con pel\u00edcula. Nuestros productos de alta calidad est\u00e1n elaborados con ingredientes superiores y normas de producci\u00f3n de alta gama, lo que garantiza su eficacia y pureza bajo los m\u00e1s altos est\u00e1ndares de [&hellip;]<\/p>\n","protected":false},"author":2,"featured_media":0,"parent":0,"menu_order":0,"comment_status":"closed","ping_status":"closed","template":"","meta":{"footnotes":""},"class_list":["post-5585","page","type-page","status-publish","hentry"],"yoast_head":"<!-- This site is optimized with the Yoast SEO plugin v26.8 - https:\/\/yoast.com\/product\/yoast-seo-wordpress\/ -->\n<title>PharmSultation - Nuestros productos : Comprimidos<\/title>\n<meta name=\"description\" content=\"Disponemos de dos tipos principales: comprimidos de alta calidad y comprimidos recubiertos con pel\u00edcula. Nuestros productos de alta calidad est\u00e1n elaborados con ingredientes superiores\" \/>\n<meta name=\"robots\" content=\"index, follow, max-snippet:-1, max-image-preview:large, max-video-preview:-1\" \/>\n<link rel=\"canonical\" href=\"https:\/\/www.pharmsultation.com\/es\/nuestras-tabletas\/\" \/>\n<meta property=\"og:locale\" content=\"es_ES\" \/>\n<meta property=\"og:type\" content=\"article\" \/>\n<meta property=\"og:title\" content=\"PharmSultation - Nuestros productos : Comprimidos\" \/>\n<meta property=\"og:description\" content=\"Disponemos de dos tipos principales: comprimidos de alta calidad y comprimidos recubiertos con pel\u00edcula. Nuestros productos de alta calidad est\u00e1n elaborados con ingredientes superiores\" \/>\n<meta property=\"og:url\" content=\"https:\/\/www.pharmsultation.com\/es\/nuestras-tabletas\/\" \/>\n<meta property=\"article:modified_time\" content=\"2025-05-11T12:31:02+00:00\" \/>\n<meta property=\"og:image\" content=\"https:\/\/test.pharmsultation.com\/wp-content\/uploads\/elementor\/thumbs\/customcolor_logo_transparent_background-1024x614-1-q647ssh1flx08fv0ggk1iapmka5wnh2ysl8s52f5kw.png\" \/>\n<meta name=\"twitter:card\" content=\"summary_large_image\" \/>\n<meta name=\"twitter:label1\" content=\"Tiempo de lectura\" \/>\n\t<meta name=\"twitter:data1\" content=\"1 minuto\" \/>\n<script type=\"application\/ld+json\" class=\"yoast-schema-graph\">{\"@context\":\"https:\/\/schema.org\",\"@graph\":[{\"@type\":\"WebPage\",\"@id\":\"https:\/\/www.pharmsultation.com\/es\/nuestras-tabletas\/\",\"url\":\"https:\/\/www.pharmsultation.com\/es\/nuestras-tabletas\/\",\"name\":\"PharmSultation - Nuestros productos : Comprimidos\",\"isPartOf\":{\"@id\":\"https:\/\/www.pharmsultation.com\/es\/#website\"},\"primaryImageOfPage\":{\"@id\":\"https:\/\/www.pharmsultation.com\/es\/nuestras-tabletas\/#primaryimage\"},\"image\":{\"@id\":\"https:\/\/www.pharmsultation.com\/es\/nuestras-tabletas\/#primaryimage\"},\"thumbnailUrl\":\"https:\/\/test.pharmsultation.com\/wp-content\/uploads\/elementor\/thumbs\/customcolor_logo_transparent_background-1024x614-1-q647ssh1flx08fv0ggk1iapmka5wnh2ysl8s52f5kw.png\",\"datePublished\":\"2024-04-21T17:17:05+00:00\",\"dateModified\":\"2025-05-11T12:31:02+00:00\",\"description\":\"Disponemos de dos tipos principales: comprimidos de alta calidad y comprimidos recubiertos con pel\u00edcula. Nuestros productos de alta calidad est\u00e1n elaborados con ingredientes superiores\",\"breadcrumb\":{\"@id\":\"https:\/\/www.pharmsultation.com\/es\/nuestras-tabletas\/#breadcrumb\"},\"inLanguage\":\"es\",\"potentialAction\":[{\"@type\":\"ReadAction\",\"target\":[\"https:\/\/www.pharmsultation.com\/es\/nuestras-tabletas\/\"]}]},{\"@type\":\"ImageObject\",\"inLanguage\":\"es\",\"@id\":\"https:\/\/www.pharmsultation.com\/es\/nuestras-tabletas\/#primaryimage\",\"url\":\"https:\/\/test.pharmsultation.com\/wp-content\/uploads\/elementor\/thumbs\/customcolor_logo_transparent_background-1024x614-1-q647ssh1flx08fv0ggk1iapmka5wnh2ysl8s52f5kw.png\",\"contentUrl\":\"https:\/\/test.pharmsultation.com\/wp-content\/uploads\/elementor\/thumbs\/customcolor_logo_transparent_background-1024x614-1-q647ssh1flx08fv0ggk1iapmka5wnh2ysl8s52f5kw.png\"},{\"@type\":\"BreadcrumbList\",\"@id\":\"https:\/\/www.pharmsultation.com\/es\/nuestras-tabletas\/#breadcrumb\",\"itemListElement\":[{\"@type\":\"ListItem\",\"position\":1,\"name\":\"Inicio\",\"item\":\"https:\/\/www.pharmsultation.com\/es\/\"},{\"@type\":\"ListItem\",\"position\":2,\"name\":\"Nuestras tabletas\"}]},{\"@type\":\"WebSite\",\"@id\":\"https:\/\/www.pharmsultation.com\/es\/#website\",\"url\":\"https:\/\/www.pharmsultation.com\/es\/\",\"name\":\"PharmSultation - Pharma & Industries Services\",\"description\":\"\",\"publisher\":{\"@id\":\"https:\/\/www.pharmsultation.com\/es\/#organization\"},\"potentialAction\":[{\"@type\":\"SearchAction\",\"target\":{\"@type\":\"EntryPoint\",\"urlTemplate\":\"https:\/\/www.pharmsultation.com\/es\/?s={search_term_string}\"},\"query-input\":{\"@type\":\"PropertyValueSpecification\",\"valueRequired\":true,\"valueName\":\"search_term_string\"}}],\"inLanguage\":\"es\"},{\"@type\":\"Organization\",\"@id\":\"https:\/\/www.pharmsultation.com\/es\/#organization\",\"name\":\"PharmSultation\",\"url\":\"https:\/\/www.pharmsultation.com\/es\/\",\"logo\":{\"@type\":\"ImageObject\",\"inLanguage\":\"es\",\"@id\":\"https:\/\/www.pharmsultation.com\/es\/#\/schema\/logo\/image\/\",\"url\":\"https:\/\/www.pharmsultation.com\/wp-content\/uploads\/2023\/05\/customcolor_logo_transparent_background.png\",\"contentUrl\":\"https:\/\/www.pharmsultation.com\/wp-content\/uploads\/2023\/05\/customcolor_logo_transparent_background.png\",\"width\":3125,\"height\":1875,\"caption\":\"PharmSultation\"},\"image\":{\"@id\":\"https:\/\/www.pharmsultation.com\/es\/#\/schema\/logo\/image\/\"}}]}<\/script>\n<!-- \/ Yoast SEO plugin. -->","yoast_head_json":{"title":"PharmSultation - Nuestros productos : Comprimidos","description":"Disponemos de dos tipos principales: comprimidos de alta calidad y comprimidos recubiertos con pel\u00edcula. Nuestros productos de alta calidad est\u00e1n elaborados con ingredientes superiores","robots":{"index":"index","follow":"follow","max-snippet":"max-snippet:-1","max-image-preview":"max-image-preview:large","max-video-preview":"max-video-preview:-1"},"canonical":"https:\/\/www.pharmsultation.com\/es\/nuestras-tabletas\/","og_locale":"es_ES","og_type":"article","og_title":"PharmSultation - Nuestros productos : Comprimidos","og_description":"Disponemos de dos tipos principales: comprimidos de alta calidad y comprimidos recubiertos con pel\u00edcula. Nuestros productos de alta calidad est\u00e1n elaborados con ingredientes superiores","og_url":"https:\/\/www.pharmsultation.com\/es\/nuestras-tabletas\/","article_modified_time":"2025-05-11T12:31:02+00:00","og_image":[{"url":"https:\/\/test.pharmsultation.com\/wp-content\/uploads\/elementor\/thumbs\/customcolor_logo_transparent_background-1024x614-1-q647ssh1flx08fv0ggk1iapmka5wnh2ysl8s52f5kw.png","type":"","width":"","height":""}],"twitter_card":"summary_large_image","twitter_misc":{"Tiempo de lectura":"1 minuto"},"schema":{"@context":"https:\/\/schema.org","@graph":[{"@type":"WebPage","@id":"https:\/\/www.pharmsultation.com\/es\/nuestras-tabletas\/","url":"https:\/\/www.pharmsultation.com\/es\/nuestras-tabletas\/","name":"PharmSultation - Nuestros productos : Comprimidos","isPartOf":{"@id":"https:\/\/www.pharmsultation.com\/es\/#website"},"primaryImageOfPage":{"@id":"https:\/\/www.pharmsultation.com\/es\/nuestras-tabletas\/#primaryimage"},"image":{"@id":"https:\/\/www.pharmsultation.com\/es\/nuestras-tabletas\/#primaryimage"},"thumbnailUrl":"https:\/\/test.pharmsultation.com\/wp-content\/uploads\/elementor\/thumbs\/customcolor_logo_transparent_background-1024x614-1-q647ssh1flx08fv0ggk1iapmka5wnh2ysl8s52f5kw.png","datePublished":"2024-04-21T17:17:05+00:00","dateModified":"2025-05-11T12:31:02+00:00","description":"Disponemos de dos tipos principales: comprimidos de alta calidad y comprimidos recubiertos con pel\u00edcula. Nuestros productos de alta calidad est\u00e1n elaborados con ingredientes superiores","breadcrumb":{"@id":"https:\/\/www.pharmsultation.com\/es\/nuestras-tabletas\/#breadcrumb"},"inLanguage":"es","potentialAction":[{"@type":"ReadAction","target":["https:\/\/www.pharmsultation.com\/es\/nuestras-tabletas\/"]}]},{"@type":"ImageObject","inLanguage":"es","@id":"https:\/\/www.pharmsultation.com\/es\/nuestras-tabletas\/#primaryimage","url":"https:\/\/test.pharmsultation.com\/wp-content\/uploads\/elementor\/thumbs\/customcolor_logo_transparent_background-1024x614-1-q647ssh1flx08fv0ggk1iapmka5wnh2ysl8s52f5kw.png","contentUrl":"https:\/\/test.pharmsultation.com\/wp-content\/uploads\/elementor\/thumbs\/customcolor_logo_transparent_background-1024x614-1-q647ssh1flx08fv0ggk1iapmka5wnh2ysl8s52f5kw.png"},{"@type":"BreadcrumbList","@id":"https:\/\/www.pharmsultation.com\/es\/nuestras-tabletas\/#breadcrumb","itemListElement":[{"@type":"ListItem","position":1,"name":"Inicio","item":"https:\/\/www.pharmsultation.com\/es\/"},{"@type":"ListItem","position":2,"name":"Nuestras tabletas"}]},{"@type":"WebSite","@id":"https:\/\/www.pharmsultation.com\/es\/#website","url":"https:\/\/www.pharmsultation.com\/es\/","name":"PharmSultation - Pharma & Industries Services","description":"","publisher":{"@id":"https:\/\/www.pharmsultation.com\/es\/#organization"},"potentialAction":[{"@type":"SearchAction","target":{"@type":"EntryPoint","urlTemplate":"https:\/\/www.pharmsultation.com\/es\/?s={search_term_string}"},"query-input":{"@type":"PropertyValueSpecification","valueRequired":true,"valueName":"search_term_string"}}],"inLanguage":"es"},{"@type":"Organization","@id":"https:\/\/www.pharmsultation.com\/es\/#organization","name":"PharmSultation","url":"https:\/\/www.pharmsultation.com\/es\/","logo":{"@type":"ImageObject","inLanguage":"es","@id":"https:\/\/www.pharmsultation.com\/es\/#\/schema\/logo\/image\/","url":"https:\/\/www.pharmsultation.com\/wp-content\/uploads\/2023\/05\/customcolor_logo_transparent_background.png","contentUrl":"https:\/\/www.pharmsultation.com\/wp-content\/uploads\/2023\/05\/customcolor_logo_transparent_background.png","width":3125,"height":1875,"caption":"PharmSultation"},"image":{"@id":"https:\/\/www.pharmsultation.com\/es\/#\/schema\/logo\/image\/"}}]}},"jetpack_sharing_enabled":true,"_links":{"self":[{"href":"https:\/\/www.pharmsultation.com\/es\/wp-json\/wp\/v2\/pages\/5585","targetHints":{"allow":["GET"]}}],"collection":[{"href":"https:\/\/www.pharmsultation.com\/es\/wp-json\/wp\/v2\/pages"}],"about":[{"href":"https:\/\/www.pharmsultation.com\/es\/wp-json\/wp\/v2\/types\/page"}],"author":[{"embeddable":true,"href":"https:\/\/www.pharmsultation.com\/es\/wp-json\/wp\/v2\/users\/2"}],"replies":[{"embeddable":true,"href":"https:\/\/www.pharmsultation.com\/es\/wp-json\/wp\/v2\/comments?post=5585"}],"version-history":[{"count":1,"href":"https:\/\/www.pharmsultation.com\/es\/wp-json\/wp\/v2\/pages\/5585\/revisions"}],"predecessor-version":[{"id":5589,"href":"https:\/\/www.pharmsultation.com\/es\/wp-json\/wp\/v2\/pages\/5585\/revisions\/5589"}],"wp:attachment":[{"href":"https:\/\/www.pharmsultation.com\/es\/wp-json\/wp\/v2\/media?parent=5585"}],"curies":[{"name":"wp","href":"https:\/\/api.w.org\/{rel}","templated":true}]}}