{"id":5691,"date":"2024-06-23T21:17:03","date_gmt":"2024-06-23T19:17:03","guid":{"rendered":"https:\/\/test.pharmsultation.com\/product\/nicotinamide-riboside\/"},"modified":"2024-06-23T21:17:03","modified_gmt":"2024-06-23T19:17:03","slug":"nicotinamide-riboside","status":"publish","type":"product","link":"https:\/\/www.pharmsultation.com\/fr\/product\/nicotinamide-riboside\/","title":{"rendered":"NICOtinamide RIBOside"},"content":{"rendered":"<p>Le riboside de nicotinamide fait partie de la famille des vitamines B3. On la trouve naturellement dans les fruits, les l\u00e9gumes, la viande et le lait.<br \/>\nLa prise de nicotinamide riboside peut aider \u00e0 augmenter les faibles niveaux de NAD+, ce qui est important pour que le corps fonctionne normalement.<br \/>\nElle est largement utilis\u00e9e pour les effets anti-\u00e2ge, l&rsquo;hypercholest\u00e9rol\u00e9mie, l&rsquo;hypertension art\u00e9rielle et de nombreuses autres maladies, ainsi que pour l&rsquo;ob\u00e9sit\u00e9. <\/p>\n","protected":false},"excerpt":{"rendered":"<p>60 g\u00e9lules<\/p>\n","protected":false},"featured_media":2874,"template":"","meta":[],"product_brand":[],"product_cat":[122],"product_tag":[],"class_list":{"0":"post-5691","1":"product","2":"type-product","3":"status-publish","4":"has-post-thumbnail","6":"product_cat-complements-alimentaires","8":"first","9":"outofstock","10":"shipping-taxable","11":"purchasable","12":"product-type-simple"},"yoast_head":"<!-- This site is optimized with the Yoast SEO plugin v26.8 - https:\/\/yoast.com\/product\/yoast-seo-wordpress\/ -->\n<title>NICOtinamide RIBOside -<\/title>\n<meta name=\"description\" content=\"Le riboside de nicotinamide est un membre de la famille des vitamines B3. On la trouve naturellement dans les fruits, les l\u00e9gumes, la viande et le lait.La prise de nicotinamide riboside peut aider \u00e0 augmenter les faibles niveaux de NAD+, ce qui est important pour le fonctionnement normal de l&#039;organisme.Elle est largement utilis\u00e9e pour les effets anti-\u00e2ge, l&#039;hypercholest\u00e9rol\u00e9mie, l&#039;hypertension art\u00e9rielle et de nombreuses autres maladies, ainsi que pour l&#039;ob\u00e9sit\u00e9.\" \/>\n<meta name=\"robots\" content=\"index, follow, max-snippet:-1, max-image-preview:large, max-video-preview:-1\" \/>\n<link rel=\"canonical\" href=\"https:\/\/www.pharmsultation.com\/fr\/product\/nicotinamide-riboside\/\" \/>\n<meta property=\"og:locale\" content=\"fr_FR\" \/>\n<meta property=\"og:type\" content=\"article\" \/>\n<meta property=\"og:title\" content=\"NICOtinamide RIBOside -\" \/>\n<meta property=\"og:description\" content=\"Le riboside de nicotinamide est un membre de la famille des vitamines B3. On la trouve naturellement dans les fruits, les l\u00e9gumes, la viande et le lait.La prise de nicotinamide riboside peut aider \u00e0 augmenter les faibles niveaux de NAD+, ce qui est important pour le fonctionnement normal de l&#039;organisme.Elle est largement utilis\u00e9e pour les effets anti-\u00e2ge, l&#039;hypercholest\u00e9rol\u00e9mie, l&#039;hypertension art\u00e9rielle et de nombreuses autres maladies, ainsi que pour l&#039;ob\u00e9sit\u00e9.\" \/>\n<meta property=\"og:url\" content=\"https:\/\/www.pharmsultation.com\/fr\/product\/nicotinamide-riboside\/\" \/>\n<meta property=\"og:image\" content=\"https:\/\/www.pharmsultation.com\/wp-content\/uploads\/2024\/06\/NICOtinamide-RIBOside-1024x1024.png\" \/>\n\t<meta property=\"og:image:width\" content=\"1024\" \/>\n\t<meta property=\"og:image:height\" content=\"1024\" \/>\n\t<meta property=\"og:image:type\" content=\"image\/png\" \/>\n<meta name=\"twitter:card\" content=\"summary_large_image\" \/>\n<script type=\"application\/ld+json\" class=\"yoast-schema-graph\">{\"@context\":\"https:\/\/schema.org\",\"@graph\":[{\"@type\":\"WebPage\",\"@id\":\"https:\/\/www.pharmsultation.com\/fr\/product\/nicotinamide-riboside\/\",\"url\":\"https:\/\/www.pharmsultation.com\/fr\/product\/nicotinamide-riboside\/\",\"name\":\"NICOtinamide RIBOside -\",\"isPartOf\":{\"@id\":\"https:\/\/www.pharmsultation.com\/fr\/#website\"},\"primaryImageOfPage\":{\"@id\":\"https:\/\/www.pharmsultation.com\/fr\/product\/nicotinamide-riboside\/#primaryimage\"},\"image\":{\"@id\":\"https:\/\/www.pharmsultation.com\/fr\/product\/nicotinamide-riboside\/#primaryimage\"},\"thumbnailUrl\":\"https:\/\/www.pharmsultation.com\/wp-content\/uploads\/2024\/06\/NICOtinamide-RIBOside.png\",\"datePublished\":\"2024-06-23T19:17:03+00:00\",\"description\":\"Le riboside de nicotinamide est un membre de la famille des vitamines B3. On la trouve naturellement dans les fruits, les l\u00e9gumes, la viande et le lait.La prise de nicotinamide riboside peut aider \u00e0 augmenter les faibles niveaux de NAD+, ce qui est important pour le fonctionnement normal de l'organisme.Elle est largement utilis\u00e9e pour les effets anti-\u00e2ge, l'hypercholest\u00e9rol\u00e9mie, l'hypertension art\u00e9rielle et de nombreuses autres maladies, ainsi que pour l'ob\u00e9sit\u00e9.\",\"breadcrumb\":{\"@id\":\"https:\/\/www.pharmsultation.com\/fr\/product\/nicotinamide-riboside\/#breadcrumb\"},\"inLanguage\":\"fr-FR\",\"potentialAction\":[{\"@type\":\"ReadAction\",\"target\":[\"https:\/\/www.pharmsultation.com\/fr\/product\/nicotinamide-riboside\/\"]}]},{\"@type\":\"ImageObject\",\"inLanguage\":\"fr-FR\",\"@id\":\"https:\/\/www.pharmsultation.com\/fr\/product\/nicotinamide-riboside\/#primaryimage\",\"url\":\"https:\/\/www.pharmsultation.com\/wp-content\/uploads\/2024\/06\/NICOtinamide-RIBOside.png\",\"contentUrl\":\"https:\/\/www.pharmsultation.com\/wp-content\/uploads\/2024\/06\/NICOtinamide-RIBOside.png\",\"width\":2048,\"height\":2048},{\"@type\":\"BreadcrumbList\",\"@id\":\"https:\/\/www.pharmsultation.com\/fr\/product\/nicotinamide-riboside\/#breadcrumb\",\"itemListElement\":[{\"@type\":\"ListItem\",\"position\":1,\"name\":\"Accueil\",\"item\":\"https:\/\/www.pharmsultation.com\/fr\/\"},{\"@type\":\"ListItem\",\"position\":2,\"name\":\"Boutique\",\"item\":\"https:\/\/www.pharmsultation.com\/fr\/boutique\/\"},{\"@type\":\"ListItem\",\"position\":3,\"name\":\"NICOtinamide RIBOside\"}]},{\"@type\":\"WebSite\",\"@id\":\"https:\/\/www.pharmsultation.com\/fr\/#website\",\"url\":\"https:\/\/www.pharmsultation.com\/fr\/\",\"name\":\"PharmSultation - Pharma & Industries Services\",\"description\":\"\",\"publisher\":{\"@id\":\"https:\/\/www.pharmsultation.com\/fr\/#organization\"},\"potentialAction\":[{\"@type\":\"SearchAction\",\"target\":{\"@type\":\"EntryPoint\",\"urlTemplate\":\"https:\/\/www.pharmsultation.com\/fr\/?s={search_term_string}\"},\"query-input\":{\"@type\":\"PropertyValueSpecification\",\"valueRequired\":true,\"valueName\":\"search_term_string\"}}],\"inLanguage\":\"fr-FR\"},{\"@type\":\"Organization\",\"@id\":\"https:\/\/www.pharmsultation.com\/fr\/#organization\",\"name\":\"PharmSultation\",\"url\":\"https:\/\/www.pharmsultation.com\/fr\/\",\"logo\":{\"@type\":\"ImageObject\",\"inLanguage\":\"fr-FR\",\"@id\":\"https:\/\/www.pharmsultation.com\/fr\/#\/schema\/logo\/image\/\",\"url\":\"https:\/\/www.pharmsultation.com\/wp-content\/uploads\/2023\/05\/customcolor_logo_transparent_background.png\",\"contentUrl\":\"https:\/\/www.pharmsultation.com\/wp-content\/uploads\/2023\/05\/customcolor_logo_transparent_background.png\",\"width\":3125,\"height\":1875,\"caption\":\"PharmSultation\"},\"image\":{\"@id\":\"https:\/\/www.pharmsultation.com\/fr\/#\/schema\/logo\/image\/\"}}]}<\/script>\n<!-- \/ Yoast SEO plugin. -->","yoast_head_json":{"title":"NICOtinamide RIBOside -","description":"Le riboside de nicotinamide est un membre de la famille des vitamines B3. On la trouve naturellement dans les fruits, les l\u00e9gumes, la viande et le lait.La prise de nicotinamide riboside peut aider \u00e0 augmenter les faibles niveaux de NAD+, ce qui est important pour le fonctionnement normal de l'organisme.Elle est largement utilis\u00e9e pour les effets anti-\u00e2ge, l'hypercholest\u00e9rol\u00e9mie, l'hypertension art\u00e9rielle et de nombreuses autres maladies, ainsi que pour l'ob\u00e9sit\u00e9.","robots":{"index":"index","follow":"follow","max-snippet":"max-snippet:-1","max-image-preview":"max-image-preview:large","max-video-preview":"max-video-preview:-1"},"canonical":"https:\/\/www.pharmsultation.com\/fr\/product\/nicotinamide-riboside\/","og_locale":"fr_FR","og_type":"article","og_title":"NICOtinamide RIBOside -","og_description":"Le riboside de nicotinamide est un membre de la famille des vitamines B3. On la trouve naturellement dans les fruits, les l\u00e9gumes, la viande et le lait.La prise de nicotinamide riboside peut aider \u00e0 augmenter les faibles niveaux de NAD+, ce qui est important pour le fonctionnement normal de l'organisme.Elle est largement utilis\u00e9e pour les effets anti-\u00e2ge, l'hypercholest\u00e9rol\u00e9mie, l'hypertension art\u00e9rielle et de nombreuses autres maladies, ainsi que pour l'ob\u00e9sit\u00e9.","og_url":"https:\/\/www.pharmsultation.com\/fr\/product\/nicotinamide-riboside\/","og_image":[{"width":1024,"height":1024,"url":"https:\/\/www.pharmsultation.com\/wp-content\/uploads\/2024\/06\/NICOtinamide-RIBOside-1024x1024.png","type":"image\/png"}],"twitter_card":"summary_large_image","schema":{"@context":"https:\/\/schema.org","@graph":[{"@type":"WebPage","@id":"https:\/\/www.pharmsultation.com\/fr\/product\/nicotinamide-riboside\/","url":"https:\/\/www.pharmsultation.com\/fr\/product\/nicotinamide-riboside\/","name":"NICOtinamide RIBOside -","isPartOf":{"@id":"https:\/\/www.pharmsultation.com\/fr\/#website"},"primaryImageOfPage":{"@id":"https:\/\/www.pharmsultation.com\/fr\/product\/nicotinamide-riboside\/#primaryimage"},"image":{"@id":"https:\/\/www.pharmsultation.com\/fr\/product\/nicotinamide-riboside\/#primaryimage"},"thumbnailUrl":"https:\/\/www.pharmsultation.com\/wp-content\/uploads\/2024\/06\/NICOtinamide-RIBOside.png","datePublished":"2024-06-23T19:17:03+00:00","description":"Le riboside de nicotinamide est un membre de la famille des vitamines B3. On la trouve naturellement dans les fruits, les l\u00e9gumes, la viande et le lait.La prise de nicotinamide riboside peut aider \u00e0 augmenter les faibles niveaux de NAD+, ce qui est important pour le fonctionnement normal de l'organisme.Elle est largement utilis\u00e9e pour les effets anti-\u00e2ge, l'hypercholest\u00e9rol\u00e9mie, l'hypertension art\u00e9rielle et de nombreuses autres maladies, ainsi que pour l'ob\u00e9sit\u00e9.","breadcrumb":{"@id":"https:\/\/www.pharmsultation.com\/fr\/product\/nicotinamide-riboside\/#breadcrumb"},"inLanguage":"fr-FR","potentialAction":[{"@type":"ReadAction","target":["https:\/\/www.pharmsultation.com\/fr\/product\/nicotinamide-riboside\/"]}]},{"@type":"ImageObject","inLanguage":"fr-FR","@id":"https:\/\/www.pharmsultation.com\/fr\/product\/nicotinamide-riboside\/#primaryimage","url":"https:\/\/www.pharmsultation.com\/wp-content\/uploads\/2024\/06\/NICOtinamide-RIBOside.png","contentUrl":"https:\/\/www.pharmsultation.com\/wp-content\/uploads\/2024\/06\/NICOtinamide-RIBOside.png","width":2048,"height":2048},{"@type":"BreadcrumbList","@id":"https:\/\/www.pharmsultation.com\/fr\/product\/nicotinamide-riboside\/#breadcrumb","itemListElement":[{"@type":"ListItem","position":1,"name":"Accueil","item":"https:\/\/www.pharmsultation.com\/fr\/"},{"@type":"ListItem","position":2,"name":"Boutique","item":"https:\/\/www.pharmsultation.com\/fr\/boutique\/"},{"@type":"ListItem","position":3,"name":"NICOtinamide RIBOside"}]},{"@type":"WebSite","@id":"https:\/\/www.pharmsultation.com\/fr\/#website","url":"https:\/\/www.pharmsultation.com\/fr\/","name":"PharmSultation - Pharma & Industries Services","description":"","publisher":{"@id":"https:\/\/www.pharmsultation.com\/fr\/#organization"},"potentialAction":[{"@type":"SearchAction","target":{"@type":"EntryPoint","urlTemplate":"https:\/\/www.pharmsultation.com\/fr\/?s={search_term_string}"},"query-input":{"@type":"PropertyValueSpecification","valueRequired":true,"valueName":"search_term_string"}}],"inLanguage":"fr-FR"},{"@type":"Organization","@id":"https:\/\/www.pharmsultation.com\/fr\/#organization","name":"PharmSultation","url":"https:\/\/www.pharmsultation.com\/fr\/","logo":{"@type":"ImageObject","inLanguage":"fr-FR","@id":"https:\/\/www.pharmsultation.com\/fr\/#\/schema\/logo\/image\/","url":"https:\/\/www.pharmsultation.com\/wp-content\/uploads\/2023\/05\/customcolor_logo_transparent_background.png","contentUrl":"https:\/\/www.pharmsultation.com\/wp-content\/uploads\/2023\/05\/customcolor_logo_transparent_background.png","width":3125,"height":1875,"caption":"PharmSultation"},"image":{"@id":"https:\/\/www.pharmsultation.com\/fr\/#\/schema\/logo\/image\/"}}]}},"jetpack_sharing_enabled":true,"_links":{"self":[{"href":"https:\/\/www.pharmsultation.com\/fr\/wp-json\/wp\/v2\/product\/5691","targetHints":{"allow":["GET"]}}],"collection":[{"href":"https:\/\/www.pharmsultation.com\/fr\/wp-json\/wp\/v2\/product"}],"about":[{"href":"https:\/\/www.pharmsultation.com\/fr\/wp-json\/wp\/v2\/types\/product"}],"wp:featuredmedia":[{"embeddable":true,"href":"https:\/\/www.pharmsultation.com\/fr\/wp-json\/wp\/v2\/media\/2874"}],"wp:attachment":[{"href":"https:\/\/www.pharmsultation.com\/fr\/wp-json\/wp\/v2\/media?parent=5691"}],"wp:term":[{"taxonomy":"product_brand","embeddable":true,"href":"https:\/\/www.pharmsultation.com\/fr\/wp-json\/wp\/v2\/product_brand?post=5691"},{"taxonomy":"product_cat","embeddable":true,"href":"https:\/\/www.pharmsultation.com\/fr\/wp-json\/wp\/v2\/product_cat?post=5691"},{"taxonomy":"product_tag","embeddable":true,"href":"https:\/\/www.pharmsultation.com\/fr\/wp-json\/wp\/v2\/product_tag?post=5691"}],"curies":[{"name":"wp","href":"https:\/\/api.w.org\/{rel}","templated":true}]}}