{"id":5500,"date":"2024-04-21T19:17:05","date_gmt":"2024-04-21T17:17:05","guid":{"rendered":"https:\/\/test.pharmsultation.com\/tabletlerimiz\/"},"modified":"2025-05-11T14:30:35","modified_gmt":"2025-05-11T12:30:35","slug":"tabletlerimiz","status":"publish","type":"page","link":"https:\/\/www.pharmsultation.com\/tr\/tabletlerimiz\/","title":{"rendered":"Tabletlerimiz"},"content":{"rendered":"\t\t<div data-elementor-type=\"wp-page\" data-elementor-id=\"5500\" class=\"elementor elementor-5500 elementor-355\" data-elementor-post-type=\"page\">\n\t\t\t\t<div class=\"elementor-element elementor-element-035d2d5 e-con-full e-flex e-con e-parent\" data-id=\"035d2d5\" data-element_type=\"container\">\n\t\t\t\t<div class=\"elementor-element elementor-element-1da8afb elementor-widget elementor-widget-image\" data-id=\"1da8afb\" data-element_type=\"widget\" data-widget_type=\"image.default\">\n\t\t\t\t<div class=\"elementor-widget-container\">\n\t\t\t\t\t\t\t\t\t\t\t\t\t\t\t<img decoding=\"async\" src=\"https:\/\/www.pharmsultation.com\/wp-content\/uploads\/elementor\/thumbs\/customcolor_logo_transparent_background-1024x614-1-q647ssh1flx08fv0ggk1iapmka5wnh2ysl8s52f5kw.png\" title=\"Logo\" alt=\"Logo\" loading=\"lazy\" \/>\t\t\t\t\t\t\t\t\t\t\t\t\t\t\t<\/div>\n\t\t\t\t<\/div>\n\t\t\t\t<\/div>\n\t\t<div class=\"elementor-element elementor-element-76281b6 e-flex e-con-boxed e-con e-parent\" data-id=\"76281b6\" data-element_type=\"container\">\n\t\t\t\t\t<div class=\"e-con-inner\">\n\t\t\t\t<div class=\"elementor-element elementor-element-89ac00b elementor-widget elementor-widget-heading\" data-id=\"89ac00b\" data-element_type=\"widget\" data-widget_type=\"heading.default\">\n\t\t\t\t<div class=\"elementor-widget-container\">\n\t\t\t\t\t<div class=\"elementor-heading-title elementor-size-default\">Tabletler \/ Film Kapl\u0131 Tabletler<\/div>\t\t\t\t<\/div>\n\t\t\t\t<\/div>\n\t\t\t\t\t<\/div>\n\t\t\t\t<\/div>\n\t\t<div class=\"elementor-element elementor-element-0a5bfc7 e-flex e-con-boxed e-con e-parent\" data-id=\"0a5bfc7\" data-element_type=\"container\">\n\t\t\t\t\t<div class=\"e-con-inner\">\n\t\t\t\t<div class=\"elementor-element elementor-element-1e3bfe4 elementor-widget elementor-widget-text-editor\" data-id=\"1e3bfe4\" data-element_type=\"widget\" data-widget_type=\"text-editor.default\">\n\t\t\t\t<div class=\"elementor-widget-container\">\n\t\t\t\t\t\t\t\t\t<p>Tabletler s\u00f6z konusu oldu\u011funda, iki ana t\u00fcr\u00fcm\u00fcz vard\u0131r: y\u00fcksek kaliteli tabletler ve film kapl\u0131 tabletler. Y\u00fcksek kaliteli \u00fcr\u00fcnlerimiz, en y\u00fcksek kalite standartlar\u0131 alt\u0131nda etkinlik ve safl\u0131k sa\u011flayan \u00fcst\u00fcn bile\u015fenlerden ve \u00fcst d\u00fczey \u00fcretim standartlar\u0131ndan yap\u0131lm\u0131\u015ft\u0131r.<br>Film kapl\u0131 tabletler, yutulmalar\u0131n\u0131 kolayla\u015ft\u0131ran ve ho\u015f olmayan tatlar\u0131 maskeleyen ince bir kaplama tabakas\u0131na sahiptir. Her ikisini de, kalite ile sizin ve sa\u011fl\u0131\u011f\u0131n\u0131z i\u00e7in beklenen deste\u011fi birle\u015ftiren mutlak g\u00fcvenilir bir \u00fcr\u00fcn sunmak i\u00e7in maksimum tutkuyla \u00fcretiyor ve geli\u015ftiriyoruz.  <\/p>\t\t\t\t\t\t\t\t<\/div>\n\t\t\t\t<\/div>\n\t\t\t\t\t<\/div>\n\t\t\t\t<\/div>\n\t\t<div class=\"elementor-element elementor-element-5a0a8c8 e-flex e-con-boxed e-con e-parent\" data-id=\"5a0a8c8\" data-element_type=\"container\">\n\t\t\t\t\t<div class=\"e-con-inner\">\n\t\t\t\t<div class=\"elementor-element elementor-element-0f891c2 elementor-nav-menu__align-center elementor-nav-menu--dropdown-tablet elementor-nav-menu__text-align-aside elementor-nav-menu--toggle elementor-nav-menu--burger elementor-widget elementor-widget-nav-menu\" data-id=\"0f891c2\" data-element_type=\"widget\" data-settings=\"{&quot;layout&quot;:&quot;horizontal&quot;,&quot;submenu_icon&quot;:{&quot;value&quot;:&quot;&lt;i class=\\&quot;fas fa-caret-down\\&quot; aria-hidden=\\&quot;true\\&quot;&gt;&lt;\\\/i&gt;&quot;,&quot;library&quot;:&quot;fa-solid&quot;},&quot;toggle&quot;:&quot;burger&quot;}\" data-widget_type=\"nav-menu.default\">\n\t\t\t\t<div class=\"elementor-widget-container\">\n\t\t\t\t\t\t\t\t<nav aria-label=\"Men\u00fc\" class=\"elementor-nav-menu--main elementor-nav-menu__container elementor-nav-menu--layout-horizontal e--pointer-underline e--animation-fade\">\n\t\t\t\t<ul id=\"menu-1-0f891c2\" class=\"elementor-nav-menu\"><li class=\"menu-item menu-item-type-custom menu-item-object-custom menu-item-317\"><a href=\"https:\/\/www.pharmsultation.com\/\" class=\"elementor-item\">Home<\/a><\/li>\n<li class=\"menu-item menu-item-type-post_type menu-item-object-page menu-item-811\"><a href=\"https:\/\/www.pharmsultation.com\/impressum\/\" class=\"elementor-item\">K\u00fcnye<\/a><\/li>\n<li class=\"menu-item menu-item-type-post_type menu-item-object-page menu-item-390\"><a href=\"https:\/\/www.pharmsultation.com\/contact-us\/\" class=\"elementor-item\">Bize Ula\u015f\u0131n<\/a><\/li>\n<li class=\"menu-item menu-item-type-post_type menu-item-object-page menu-item-771\"><a href=\"https:\/\/www.pharmsultation.com\/terms-of-service\/\" class=\"elementor-item\">Hizmet \u015fartlar\u0131<\/a><\/li>\n<li class=\"menu-item menu-item-type-post_type menu-item-object-page menu-item-316\"><a href=\"https:\/\/www.pharmsultation.com\/privacy-policy\/\" class=\"elementor-item\">Gizlilik Politikas\u0131<\/a><\/li>\n<li class=\"menu-item menu-item-type-post_type menu-item-object-page menu-item-794\"><a href=\"https:\/\/www.pharmsultation.com\/return-and-refund-policy\/\" class=\"elementor-item\">\u0130ade ve Geri \u00d6deme Politikas\u0131<\/a><\/li>\n<li class=\"menu-item menu-item-type-post_type menu-item-object-page menu-item-784\"><a href=\"https:\/\/www.pharmsultation.com\/cookies-policy\/\" class=\"elementor-item\">\u00c7erez politikas\u0131<\/a><\/li>\n<\/ul>\t\t\t<\/nav>\n\t\t\t\t\t<div class=\"elementor-menu-toggle\" role=\"button\" tabindex=\"0\" aria-label=\"Menu Toggle\" aria-expanded=\"false\">\n\t\t\t<i aria-hidden=\"true\" role=\"presentation\" class=\"elementor-menu-toggle__icon--open eicon-menu-bar\"><\/i><i aria-hidden=\"true\" role=\"presentation\" class=\"elementor-menu-toggle__icon--close eicon-close\"><\/i>\t\t<\/div>\n\t\t\t\t\t<nav class=\"elementor-nav-menu--dropdown elementor-nav-menu__container\" aria-hidden=\"true\">\n\t\t\t\t<ul id=\"menu-2-0f891c2\" class=\"elementor-nav-menu\"><li class=\"menu-item menu-item-type-custom menu-item-object-custom menu-item-317\"><a href=\"https:\/\/www.pharmsultation.com\/\" class=\"elementor-item\" tabindex=\"-1\">Home<\/a><\/li>\n<li class=\"menu-item menu-item-type-post_type menu-item-object-page menu-item-811\"><a href=\"https:\/\/www.pharmsultation.com\/impressum\/\" class=\"elementor-item\" tabindex=\"-1\">K\u00fcnye<\/a><\/li>\n<li class=\"menu-item menu-item-type-post_type menu-item-object-page menu-item-390\"><a href=\"https:\/\/www.pharmsultation.com\/contact-us\/\" class=\"elementor-item\" tabindex=\"-1\">Bize Ula\u015f\u0131n<\/a><\/li>\n<li class=\"menu-item menu-item-type-post_type menu-item-object-page menu-item-771\"><a href=\"https:\/\/www.pharmsultation.com\/terms-of-service\/\" class=\"elementor-item\" tabindex=\"-1\">Hizmet \u015fartlar\u0131<\/a><\/li>\n<li class=\"menu-item menu-item-type-post_type menu-item-object-page menu-item-316\"><a href=\"https:\/\/www.pharmsultation.com\/privacy-policy\/\" class=\"elementor-item\" tabindex=\"-1\">Gizlilik Politikas\u0131<\/a><\/li>\n<li class=\"menu-item menu-item-type-post_type menu-item-object-page menu-item-794\"><a href=\"https:\/\/www.pharmsultation.com\/return-and-refund-policy\/\" class=\"elementor-item\" tabindex=\"-1\">\u0130ade ve Geri \u00d6deme Politikas\u0131<\/a><\/li>\n<li class=\"menu-item menu-item-type-post_type menu-item-object-page menu-item-784\"><a href=\"https:\/\/www.pharmsultation.com\/cookies-policy\/\" class=\"elementor-item\" tabindex=\"-1\">\u00c7erez politikas\u0131<\/a><\/li>\n<\/ul>\t\t\t<\/nav>\n\t\t\t\t\t\t<\/div>\n\t\t\t\t<\/div>\n\t\t\t\t\t<\/div>\n\t\t\t\t<\/div>\n\t\t\t\t<\/div>\n\t\t","protected":false},"excerpt":{"rendered":"<p>Tabletler \/ Film Kapl\u0131 Tabletler Tabletler s\u00f6z konusu oldu\u011funda, iki ana t\u00fcr\u00fcm\u00fcz vard\u0131r: y\u00fcksek kaliteli tabletler ve film kapl\u0131 tabletler. Y\u00fcksek kaliteli \u00fcr\u00fcnlerimiz, en y\u00fcksek kalite standartlar\u0131 alt\u0131nda etkinlik ve safl\u0131k sa\u011flayan \u00fcst\u00fcn bile\u015fenlerden ve \u00fcst d\u00fczey \u00fcretim standartlar\u0131ndan yap\u0131lm\u0131\u015ft\u0131r.Film kapl\u0131 tabletler, yutulmalar\u0131n\u0131 kolayla\u015ft\u0131ran ve ho\u015f olmayan tatlar\u0131 maskeleyen ince bir kaplama tabakas\u0131na sahiptir. Her [&hellip;]<\/p>\n","protected":false},"author":2,"featured_media":0,"parent":0,"menu_order":0,"comment_status":"closed","ping_status":"closed","template":"","meta":{"footnotes":""},"class_list":["post-5500","page","type-page","status-publish","hentry"],"yoast_head":"<!-- This site is optimized with the Yoast SEO plugin v26.8 - https:\/\/yoast.com\/product\/yoast-seo-wordpress\/ -->\n<title>PharmSultation - \u00dcr\u00fcnlerimiz : Tabletler<\/title>\n<meta name=\"description\" content=\"\u0130ki ana tipimiz vard\u0131r: y\u00fcksek kaliteli tabletler ve film kapl\u0131 tabletler. Y\u00fcksek kaliteli \u00fcr\u00fcnlerimiz \u00fcst\u00fcn bile\u015fenlerden yap\u0131lm\u0131\u015ft\u0131r\" \/>\n<meta name=\"robots\" content=\"index, follow, max-snippet:-1, max-image-preview:large, max-video-preview:-1\" \/>\n<link rel=\"canonical\" href=\"https:\/\/www.pharmsultation.com\/tr\/tabletlerimiz\/\" \/>\n<meta property=\"og:locale\" content=\"tr_TR\" \/>\n<meta property=\"og:type\" content=\"article\" \/>\n<meta property=\"og:title\" content=\"PharmSultation - \u00dcr\u00fcnlerimiz : Tabletler\" \/>\n<meta property=\"og:description\" content=\"\u0130ki ana tipimiz vard\u0131r: y\u00fcksek kaliteli tabletler ve film kapl\u0131 tabletler. Y\u00fcksek kaliteli \u00fcr\u00fcnlerimiz \u00fcst\u00fcn bile\u015fenlerden yap\u0131lm\u0131\u015ft\u0131r\" \/>\n<meta property=\"og:url\" content=\"https:\/\/www.pharmsultation.com\/tr\/tabletlerimiz\/\" \/>\n<meta property=\"article:modified_time\" content=\"2025-05-11T12:30:35+00:00\" \/>\n<meta property=\"og:image\" content=\"https:\/\/test.pharmsultation.com\/wp-content\/uploads\/elementor\/thumbs\/customcolor_logo_transparent_background-1024x614-1-q647ssh1flx08fv0ggk1iapmka5wnh2ysl8s52f5kw.png\" \/>\n<meta name=\"twitter:card\" content=\"summary_large_image\" \/>\n<meta name=\"twitter:label1\" content=\"Tahmini okuma s\u00fcresi\" \/>\n\t<meta name=\"twitter:data1\" content=\"1 dakika\" \/>\n<script type=\"application\/ld+json\" class=\"yoast-schema-graph\">{\"@context\":\"https:\/\/schema.org\",\"@graph\":[{\"@type\":\"WebPage\",\"@id\":\"https:\/\/www.pharmsultation.com\/tr\/tabletlerimiz\/\",\"url\":\"https:\/\/www.pharmsultation.com\/tr\/tabletlerimiz\/\",\"name\":\"PharmSultation - \u00dcr\u00fcnlerimiz : Tabletler\",\"isPartOf\":{\"@id\":\"https:\/\/www.pharmsultation.com\/tr\/#website\"},\"primaryImageOfPage\":{\"@id\":\"https:\/\/www.pharmsultation.com\/tr\/tabletlerimiz\/#primaryimage\"},\"image\":{\"@id\":\"https:\/\/www.pharmsultation.com\/tr\/tabletlerimiz\/#primaryimage\"},\"thumbnailUrl\":\"https:\/\/test.pharmsultation.com\/wp-content\/uploads\/elementor\/thumbs\/customcolor_logo_transparent_background-1024x614-1-q647ssh1flx08fv0ggk1iapmka5wnh2ysl8s52f5kw.png\",\"datePublished\":\"2024-04-21T17:17:05+00:00\",\"dateModified\":\"2025-05-11T12:30:35+00:00\",\"description\":\"\u0130ki ana tipimiz vard\u0131r: y\u00fcksek kaliteli tabletler ve film kapl\u0131 tabletler. Y\u00fcksek kaliteli \u00fcr\u00fcnlerimiz \u00fcst\u00fcn bile\u015fenlerden yap\u0131lm\u0131\u015ft\u0131r\",\"breadcrumb\":{\"@id\":\"https:\/\/www.pharmsultation.com\/tr\/tabletlerimiz\/#breadcrumb\"},\"inLanguage\":\"tr\",\"potentialAction\":[{\"@type\":\"ReadAction\",\"target\":[\"https:\/\/www.pharmsultation.com\/tr\/tabletlerimiz\/\"]}]},{\"@type\":\"ImageObject\",\"inLanguage\":\"tr\",\"@id\":\"https:\/\/www.pharmsultation.com\/tr\/tabletlerimiz\/#primaryimage\",\"url\":\"https:\/\/test.pharmsultation.com\/wp-content\/uploads\/elementor\/thumbs\/customcolor_logo_transparent_background-1024x614-1-q647ssh1flx08fv0ggk1iapmka5wnh2ysl8s52f5kw.png\",\"contentUrl\":\"https:\/\/test.pharmsultation.com\/wp-content\/uploads\/elementor\/thumbs\/customcolor_logo_transparent_background-1024x614-1-q647ssh1flx08fv0ggk1iapmka5wnh2ysl8s52f5kw.png\"},{\"@type\":\"BreadcrumbList\",\"@id\":\"https:\/\/www.pharmsultation.com\/tr\/tabletlerimiz\/#breadcrumb\",\"itemListElement\":[{\"@type\":\"ListItem\",\"position\":1,\"name\":\"Ev\",\"item\":\"https:\/\/www.pharmsultation.com\/tr\/\"},{\"@type\":\"ListItem\",\"position\":2,\"name\":\"Tabletlerimiz\"}]},{\"@type\":\"WebSite\",\"@id\":\"https:\/\/www.pharmsultation.com\/tr\/#website\",\"url\":\"https:\/\/www.pharmsultation.com\/tr\/\",\"name\":\"PharmSultation - Pharma & Industries Services\",\"description\":\"\",\"publisher\":{\"@id\":\"https:\/\/www.pharmsultation.com\/tr\/#organization\"},\"potentialAction\":[{\"@type\":\"SearchAction\",\"target\":{\"@type\":\"EntryPoint\",\"urlTemplate\":\"https:\/\/www.pharmsultation.com\/tr\/?s={search_term_string}\"},\"query-input\":{\"@type\":\"PropertyValueSpecification\",\"valueRequired\":true,\"valueName\":\"search_term_string\"}}],\"inLanguage\":\"tr\"},{\"@type\":\"Organization\",\"@id\":\"https:\/\/www.pharmsultation.com\/tr\/#organization\",\"name\":\"PharmSultation\",\"url\":\"https:\/\/www.pharmsultation.com\/tr\/\",\"logo\":{\"@type\":\"ImageObject\",\"inLanguage\":\"tr\",\"@id\":\"https:\/\/www.pharmsultation.com\/tr\/#\/schema\/logo\/image\/\",\"url\":\"https:\/\/www.pharmsultation.com\/wp-content\/uploads\/2023\/05\/customcolor_logo_transparent_background.png\",\"contentUrl\":\"https:\/\/www.pharmsultation.com\/wp-content\/uploads\/2023\/05\/customcolor_logo_transparent_background.png\",\"width\":3125,\"height\":1875,\"caption\":\"PharmSultation\"},\"image\":{\"@id\":\"https:\/\/www.pharmsultation.com\/tr\/#\/schema\/logo\/image\/\"}}]}<\/script>\n<!-- \/ Yoast SEO plugin. -->","yoast_head_json":{"title":"PharmSultation - \u00dcr\u00fcnlerimiz : Tabletler","description":"\u0130ki ana tipimiz vard\u0131r: y\u00fcksek kaliteli tabletler ve film kapl\u0131 tabletler. Y\u00fcksek kaliteli \u00fcr\u00fcnlerimiz \u00fcst\u00fcn bile\u015fenlerden yap\u0131lm\u0131\u015ft\u0131r","robots":{"index":"index","follow":"follow","max-snippet":"max-snippet:-1","max-image-preview":"max-image-preview:large","max-video-preview":"max-video-preview:-1"},"canonical":"https:\/\/www.pharmsultation.com\/tr\/tabletlerimiz\/","og_locale":"tr_TR","og_type":"article","og_title":"PharmSultation - \u00dcr\u00fcnlerimiz : Tabletler","og_description":"\u0130ki ana tipimiz vard\u0131r: y\u00fcksek kaliteli tabletler ve film kapl\u0131 tabletler. Y\u00fcksek kaliteli \u00fcr\u00fcnlerimiz \u00fcst\u00fcn bile\u015fenlerden yap\u0131lm\u0131\u015ft\u0131r","og_url":"https:\/\/www.pharmsultation.com\/tr\/tabletlerimiz\/","article_modified_time":"2025-05-11T12:30:35+00:00","og_image":[{"url":"https:\/\/test.pharmsultation.com\/wp-content\/uploads\/elementor\/thumbs\/customcolor_logo_transparent_background-1024x614-1-q647ssh1flx08fv0ggk1iapmka5wnh2ysl8s52f5kw.png","type":"","width":"","height":""}],"twitter_card":"summary_large_image","twitter_misc":{"Tahmini okuma s\u00fcresi":"1 dakika"},"schema":{"@context":"https:\/\/schema.org","@graph":[{"@type":"WebPage","@id":"https:\/\/www.pharmsultation.com\/tr\/tabletlerimiz\/","url":"https:\/\/www.pharmsultation.com\/tr\/tabletlerimiz\/","name":"PharmSultation - \u00dcr\u00fcnlerimiz : Tabletler","isPartOf":{"@id":"https:\/\/www.pharmsultation.com\/tr\/#website"},"primaryImageOfPage":{"@id":"https:\/\/www.pharmsultation.com\/tr\/tabletlerimiz\/#primaryimage"},"image":{"@id":"https:\/\/www.pharmsultation.com\/tr\/tabletlerimiz\/#primaryimage"},"thumbnailUrl":"https:\/\/test.pharmsultation.com\/wp-content\/uploads\/elementor\/thumbs\/customcolor_logo_transparent_background-1024x614-1-q647ssh1flx08fv0ggk1iapmka5wnh2ysl8s52f5kw.png","datePublished":"2024-04-21T17:17:05+00:00","dateModified":"2025-05-11T12:30:35+00:00","description":"\u0130ki ana tipimiz vard\u0131r: y\u00fcksek kaliteli tabletler ve film kapl\u0131 tabletler. Y\u00fcksek kaliteli \u00fcr\u00fcnlerimiz \u00fcst\u00fcn bile\u015fenlerden yap\u0131lm\u0131\u015ft\u0131r","breadcrumb":{"@id":"https:\/\/www.pharmsultation.com\/tr\/tabletlerimiz\/#breadcrumb"},"inLanguage":"tr","potentialAction":[{"@type":"ReadAction","target":["https:\/\/www.pharmsultation.com\/tr\/tabletlerimiz\/"]}]},{"@type":"ImageObject","inLanguage":"tr","@id":"https:\/\/www.pharmsultation.com\/tr\/tabletlerimiz\/#primaryimage","url":"https:\/\/test.pharmsultation.com\/wp-content\/uploads\/elementor\/thumbs\/customcolor_logo_transparent_background-1024x614-1-q647ssh1flx08fv0ggk1iapmka5wnh2ysl8s52f5kw.png","contentUrl":"https:\/\/test.pharmsultation.com\/wp-content\/uploads\/elementor\/thumbs\/customcolor_logo_transparent_background-1024x614-1-q647ssh1flx08fv0ggk1iapmka5wnh2ysl8s52f5kw.png"},{"@type":"BreadcrumbList","@id":"https:\/\/www.pharmsultation.com\/tr\/tabletlerimiz\/#breadcrumb","itemListElement":[{"@type":"ListItem","position":1,"name":"Ev","item":"https:\/\/www.pharmsultation.com\/tr\/"},{"@type":"ListItem","position":2,"name":"Tabletlerimiz"}]},{"@type":"WebSite","@id":"https:\/\/www.pharmsultation.com\/tr\/#website","url":"https:\/\/www.pharmsultation.com\/tr\/","name":"PharmSultation - Pharma & Industries Services","description":"","publisher":{"@id":"https:\/\/www.pharmsultation.com\/tr\/#organization"},"potentialAction":[{"@type":"SearchAction","target":{"@type":"EntryPoint","urlTemplate":"https:\/\/www.pharmsultation.com\/tr\/?s={search_term_string}"},"query-input":{"@type":"PropertyValueSpecification","valueRequired":true,"valueName":"search_term_string"}}],"inLanguage":"tr"},{"@type":"Organization","@id":"https:\/\/www.pharmsultation.com\/tr\/#organization","name":"PharmSultation","url":"https:\/\/www.pharmsultation.com\/tr\/","logo":{"@type":"ImageObject","inLanguage":"tr","@id":"https:\/\/www.pharmsultation.com\/tr\/#\/schema\/logo\/image\/","url":"https:\/\/www.pharmsultation.com\/wp-content\/uploads\/2023\/05\/customcolor_logo_transparent_background.png","contentUrl":"https:\/\/www.pharmsultation.com\/wp-content\/uploads\/2023\/05\/customcolor_logo_transparent_background.png","width":3125,"height":1875,"caption":"PharmSultation"},"image":{"@id":"https:\/\/www.pharmsultation.com\/tr\/#\/schema\/logo\/image\/"}}]}},"jetpack_sharing_enabled":true,"_links":{"self":[{"href":"https:\/\/www.pharmsultation.com\/tr\/wp-json\/wp\/v2\/pages\/5500","targetHints":{"allow":["GET"]}}],"collection":[{"href":"https:\/\/www.pharmsultation.com\/tr\/wp-json\/wp\/v2\/pages"}],"about":[{"href":"https:\/\/www.pharmsultation.com\/tr\/wp-json\/wp\/v2\/types\/page"}],"author":[{"embeddable":true,"href":"https:\/\/www.pharmsultation.com\/tr\/wp-json\/wp\/v2\/users\/2"}],"replies":[{"embeddable":true,"href":"https:\/\/www.pharmsultation.com\/tr\/wp-json\/wp\/v2\/comments?post=5500"}],"version-history":[{"count":1,"href":"https:\/\/www.pharmsultation.com\/tr\/wp-json\/wp\/v2\/pages\/5500\/revisions"}],"predecessor-version":[{"id":5507,"href":"https:\/\/www.pharmsultation.com\/tr\/wp-json\/wp\/v2\/pages\/5500\/revisions\/5507"}],"wp:attachment":[{"href":"https:\/\/www.pharmsultation.com\/tr\/wp-json\/wp\/v2\/media?parent=5500"}],"curies":[{"name":"wp","href":"https:\/\/api.w.org\/{rel}","templated":true}]}}