{"id":5729,"date":"2024-06-23T21:17:03","date_gmt":"2024-06-23T19:17:03","guid":{"rendered":"https:\/\/test.pharmsultation.com\/product\/nikotinamid-riboside\/"},"modified":"2024-06-23T21:17:03","modified_gmt":"2024-06-23T19:17:03","slug":"nikotinamid-riboside","status":"publish","type":"product","link":"https:\/\/www.pharmsultation.com\/tr\/product\/nikotinamid-riboside\/","title":{"rendered":"N\u0130KOtinamid RIBOside"},"content":{"rendered":"<p>N\u0130KOtinamid ribozid, B3 vitamini ailesinin bir \u00fcyesidir. Do\u011fal olarak meyve, sebze, et ve s\u00fctte bulunur.<br \/>\nNikotinamid ribozid almak, v\u00fccudun normal \u00e7al\u0131\u015fmas\u0131 i\u00e7in \u00f6nemli olan d\u00fc\u015f\u00fck NAD + seviyelerini y\u00fckseltmeye yard\u0131mc\u0131 olabilir.<br \/>\nYa\u015flanma kar\u015f\u0131t\u0131 etkiler, y\u00fcksek kolesterol, y\u00fcksek tansiyon ve obezite gibi di\u011fer bir\u00e7ok hastal\u0131k i\u00e7in yayg\u0131n olarak kullan\u0131lmaktad\u0131r. <\/p>\n","protected":false},"excerpt":{"rendered":"<p>60 kaps\u00fcl<\/p>\n","protected":false},"featured_media":2877,"template":"","meta":[],"product_brand":[],"product_cat":[124],"product_tag":[],"class_list":{"0":"post-5729","1":"product","2":"type-product","3":"status-publish","4":"has-post-thumbnail","6":"product_cat-besin-takviyeleri","8":"first","9":"outofstock","10":"shipping-taxable","11":"purchasable","12":"product-type-simple"},"yoast_head":"<!-- This site is optimized with the Yoast SEO plugin v26.8 - https:\/\/yoast.com\/product\/yoast-seo-wordpress\/ -->\n<title>N\u0130KOtinamid RIBOside -<\/title>\n<meta name=\"description\" content=\"NICOtinamide riboside, B3 vitamini ailesinin bir \u00fcyesidir. Do\u011fal olarak meyve, sebze, et ve s\u00fctte bulunur Nikotinamid ribozid almak, v\u00fccudun normal \u00e7al\u0131\u015fmas\u0131 i\u00e7in \u00f6nemli olan d\u00fc\u015f\u00fck NAD + seviyelerini y\u00fckseltmeye yard\u0131mc\u0131 olabilir Ya\u015flanma kar\u015f\u0131t\u0131 etkiler, y\u00fcksek kolesterol, y\u00fcksek tansiyon ve di\u011fer bir\u00e7ok hastal\u0131k ve obezite i\u00e7in yayg\u0131n olarak kullan\u0131lmaktad\u0131r.\" \/>\n<meta name=\"robots\" content=\"index, follow, max-snippet:-1, max-image-preview:large, max-video-preview:-1\" \/>\n<link rel=\"canonical\" href=\"https:\/\/www.pharmsultation.com\/tr\/product\/nikotinamid-riboside\/\" \/>\n<meta property=\"og:locale\" content=\"tr_TR\" \/>\n<meta property=\"og:type\" content=\"article\" \/>\n<meta property=\"og:title\" content=\"N\u0130KOtinamid RIBOside -\" \/>\n<meta property=\"og:description\" content=\"NICOtinamide riboside, B3 vitamini ailesinin bir \u00fcyesidir. Do\u011fal olarak meyve, sebze, et ve s\u00fctte bulunur Nikotinamid ribozid almak, v\u00fccudun normal \u00e7al\u0131\u015fmas\u0131 i\u00e7in \u00f6nemli olan d\u00fc\u015f\u00fck NAD + seviyelerini y\u00fckseltmeye yard\u0131mc\u0131 olabilir Ya\u015flanma kar\u015f\u0131t\u0131 etkiler, y\u00fcksek kolesterol, y\u00fcksek tansiyon ve di\u011fer bir\u00e7ok hastal\u0131k ve obezite i\u00e7in yayg\u0131n olarak kullan\u0131lmaktad\u0131r.\" \/>\n<meta property=\"og:url\" content=\"https:\/\/www.pharmsultation.com\/tr\/product\/nikotinamid-riboside\/\" \/>\n<meta property=\"og:image\" content=\"https:\/\/www.pharmsultation.com\/wp-content\/uploads\/2024\/06\/NICOtinamide-RIBOside-1024x1024.png\" \/>\n\t<meta property=\"og:image:width\" content=\"1024\" \/>\n\t<meta property=\"og:image:height\" content=\"1024\" \/>\n\t<meta property=\"og:image:type\" content=\"image\/png\" \/>\n<meta name=\"twitter:card\" content=\"summary_large_image\" \/>\n<script type=\"application\/ld+json\" class=\"yoast-schema-graph\">{\"@context\":\"https:\/\/schema.org\",\"@graph\":[{\"@type\":\"WebPage\",\"@id\":\"https:\/\/www.pharmsultation.com\/tr\/product\/nikotinamid-riboside\/\",\"url\":\"https:\/\/www.pharmsultation.com\/tr\/product\/nikotinamid-riboside\/\",\"name\":\"N\u0130KOtinamid RIBOside -\",\"isPartOf\":{\"@id\":\"https:\/\/www.pharmsultation.com\/tr\/#website\"},\"primaryImageOfPage\":{\"@id\":\"https:\/\/www.pharmsultation.com\/tr\/product\/nikotinamid-riboside\/#primaryimage\"},\"image\":{\"@id\":\"https:\/\/www.pharmsultation.com\/tr\/product\/nikotinamid-riboside\/#primaryimage\"},\"thumbnailUrl\":\"https:\/\/www.pharmsultation.com\/wp-content\/uploads\/2024\/06\/NICOtinamide-RIBOside.png\",\"datePublished\":\"2024-06-23T19:17:03+00:00\",\"description\":\"NICOtinamide riboside, B3 vitamini ailesinin bir \u00fcyesidir. Do\u011fal olarak meyve, sebze, et ve s\u00fctte bulunur Nikotinamid ribozid almak, v\u00fccudun normal \u00e7al\u0131\u015fmas\u0131 i\u00e7in \u00f6nemli olan d\u00fc\u015f\u00fck NAD + seviyelerini y\u00fckseltmeye yard\u0131mc\u0131 olabilir Ya\u015flanma kar\u015f\u0131t\u0131 etkiler, y\u00fcksek kolesterol, y\u00fcksek tansiyon ve di\u011fer bir\u00e7ok hastal\u0131k ve obezite i\u00e7in yayg\u0131n olarak kullan\u0131lmaktad\u0131r.\",\"breadcrumb\":{\"@id\":\"https:\/\/www.pharmsultation.com\/tr\/product\/nikotinamid-riboside\/#breadcrumb\"},\"inLanguage\":\"tr\",\"potentialAction\":[{\"@type\":\"ReadAction\",\"target\":[\"https:\/\/www.pharmsultation.com\/tr\/product\/nikotinamid-riboside\/\"]}]},{\"@type\":\"ImageObject\",\"inLanguage\":\"tr\",\"@id\":\"https:\/\/www.pharmsultation.com\/tr\/product\/nikotinamid-riboside\/#primaryimage\",\"url\":\"https:\/\/www.pharmsultation.com\/wp-content\/uploads\/2024\/06\/NICOtinamide-RIBOside.png\",\"contentUrl\":\"https:\/\/www.pharmsultation.com\/wp-content\/uploads\/2024\/06\/NICOtinamide-RIBOside.png\",\"width\":2048,\"height\":2048},{\"@type\":\"BreadcrumbList\",\"@id\":\"https:\/\/www.pharmsultation.com\/tr\/product\/nikotinamid-riboside\/#breadcrumb\",\"itemListElement\":[{\"@type\":\"ListItem\",\"position\":1,\"name\":\"Ev\",\"item\":\"https:\/\/www.pharmsultation.com\/tr\/\"},{\"@type\":\"ListItem\",\"position\":2,\"name\":\"Shop\",\"item\":\"https:\/\/www.pharmsultation.com\/tr\/shop\/\"},{\"@type\":\"ListItem\",\"position\":3,\"name\":\"N\u0130KOtinamid RIBOside\"}]},{\"@type\":\"WebSite\",\"@id\":\"https:\/\/www.pharmsultation.com\/tr\/#website\",\"url\":\"https:\/\/www.pharmsultation.com\/tr\/\",\"name\":\"PharmSultation - Pharma & Industries Services\",\"description\":\"\",\"publisher\":{\"@id\":\"https:\/\/www.pharmsultation.com\/tr\/#organization\"},\"potentialAction\":[{\"@type\":\"SearchAction\",\"target\":{\"@type\":\"EntryPoint\",\"urlTemplate\":\"https:\/\/www.pharmsultation.com\/tr\/?s={search_term_string}\"},\"query-input\":{\"@type\":\"PropertyValueSpecification\",\"valueRequired\":true,\"valueName\":\"search_term_string\"}}],\"inLanguage\":\"tr\"},{\"@type\":\"Organization\",\"@id\":\"https:\/\/www.pharmsultation.com\/tr\/#organization\",\"name\":\"PharmSultation\",\"url\":\"https:\/\/www.pharmsultation.com\/tr\/\",\"logo\":{\"@type\":\"ImageObject\",\"inLanguage\":\"tr\",\"@id\":\"https:\/\/www.pharmsultation.com\/tr\/#\/schema\/logo\/image\/\",\"url\":\"https:\/\/www.pharmsultation.com\/wp-content\/uploads\/2023\/05\/customcolor_logo_transparent_background.png\",\"contentUrl\":\"https:\/\/www.pharmsultation.com\/wp-content\/uploads\/2023\/05\/customcolor_logo_transparent_background.png\",\"width\":3125,\"height\":1875,\"caption\":\"PharmSultation\"},\"image\":{\"@id\":\"https:\/\/www.pharmsultation.com\/tr\/#\/schema\/logo\/image\/\"}}]}<\/script>\n<!-- \/ Yoast SEO plugin. -->","yoast_head_json":{"title":"N\u0130KOtinamid RIBOside -","description":"NICOtinamide riboside, B3 vitamini ailesinin bir \u00fcyesidir. Do\u011fal olarak meyve, sebze, et ve s\u00fctte bulunur Nikotinamid ribozid almak, v\u00fccudun normal \u00e7al\u0131\u015fmas\u0131 i\u00e7in \u00f6nemli olan d\u00fc\u015f\u00fck NAD + seviyelerini y\u00fckseltmeye yard\u0131mc\u0131 olabilir Ya\u015flanma kar\u015f\u0131t\u0131 etkiler, y\u00fcksek kolesterol, y\u00fcksek tansiyon ve di\u011fer bir\u00e7ok hastal\u0131k ve obezite i\u00e7in yayg\u0131n olarak kullan\u0131lmaktad\u0131r.","robots":{"index":"index","follow":"follow","max-snippet":"max-snippet:-1","max-image-preview":"max-image-preview:large","max-video-preview":"max-video-preview:-1"},"canonical":"https:\/\/www.pharmsultation.com\/tr\/product\/nikotinamid-riboside\/","og_locale":"tr_TR","og_type":"article","og_title":"N\u0130KOtinamid RIBOside -","og_description":"NICOtinamide riboside, B3 vitamini ailesinin bir \u00fcyesidir. Do\u011fal olarak meyve, sebze, et ve s\u00fctte bulunur Nikotinamid ribozid almak, v\u00fccudun normal \u00e7al\u0131\u015fmas\u0131 i\u00e7in \u00f6nemli olan d\u00fc\u015f\u00fck NAD + seviyelerini y\u00fckseltmeye yard\u0131mc\u0131 olabilir Ya\u015flanma kar\u015f\u0131t\u0131 etkiler, y\u00fcksek kolesterol, y\u00fcksek tansiyon ve di\u011fer bir\u00e7ok hastal\u0131k ve obezite i\u00e7in yayg\u0131n olarak kullan\u0131lmaktad\u0131r.","og_url":"https:\/\/www.pharmsultation.com\/tr\/product\/nikotinamid-riboside\/","og_image":[{"width":1024,"height":1024,"url":"https:\/\/www.pharmsultation.com\/wp-content\/uploads\/2024\/06\/NICOtinamide-RIBOside-1024x1024.png","type":"image\/png"}],"twitter_card":"summary_large_image","schema":{"@context":"https:\/\/schema.org","@graph":[{"@type":"WebPage","@id":"https:\/\/www.pharmsultation.com\/tr\/product\/nikotinamid-riboside\/","url":"https:\/\/www.pharmsultation.com\/tr\/product\/nikotinamid-riboside\/","name":"N\u0130KOtinamid RIBOside -","isPartOf":{"@id":"https:\/\/www.pharmsultation.com\/tr\/#website"},"primaryImageOfPage":{"@id":"https:\/\/www.pharmsultation.com\/tr\/product\/nikotinamid-riboside\/#primaryimage"},"image":{"@id":"https:\/\/www.pharmsultation.com\/tr\/product\/nikotinamid-riboside\/#primaryimage"},"thumbnailUrl":"https:\/\/www.pharmsultation.com\/wp-content\/uploads\/2024\/06\/NICOtinamide-RIBOside.png","datePublished":"2024-06-23T19:17:03+00:00","description":"NICOtinamide riboside, B3 vitamini ailesinin bir \u00fcyesidir. Do\u011fal olarak meyve, sebze, et ve s\u00fctte bulunur Nikotinamid ribozid almak, v\u00fccudun normal \u00e7al\u0131\u015fmas\u0131 i\u00e7in \u00f6nemli olan d\u00fc\u015f\u00fck NAD + seviyelerini y\u00fckseltmeye yard\u0131mc\u0131 olabilir Ya\u015flanma kar\u015f\u0131t\u0131 etkiler, y\u00fcksek kolesterol, y\u00fcksek tansiyon ve di\u011fer bir\u00e7ok hastal\u0131k ve obezite i\u00e7in yayg\u0131n olarak kullan\u0131lmaktad\u0131r.","breadcrumb":{"@id":"https:\/\/www.pharmsultation.com\/tr\/product\/nikotinamid-riboside\/#breadcrumb"},"inLanguage":"tr","potentialAction":[{"@type":"ReadAction","target":["https:\/\/www.pharmsultation.com\/tr\/product\/nikotinamid-riboside\/"]}]},{"@type":"ImageObject","inLanguage":"tr","@id":"https:\/\/www.pharmsultation.com\/tr\/product\/nikotinamid-riboside\/#primaryimage","url":"https:\/\/www.pharmsultation.com\/wp-content\/uploads\/2024\/06\/NICOtinamide-RIBOside.png","contentUrl":"https:\/\/www.pharmsultation.com\/wp-content\/uploads\/2024\/06\/NICOtinamide-RIBOside.png","width":2048,"height":2048},{"@type":"BreadcrumbList","@id":"https:\/\/www.pharmsultation.com\/tr\/product\/nikotinamid-riboside\/#breadcrumb","itemListElement":[{"@type":"ListItem","position":1,"name":"Ev","item":"https:\/\/www.pharmsultation.com\/tr\/"},{"@type":"ListItem","position":2,"name":"Shop","item":"https:\/\/www.pharmsultation.com\/tr\/shop\/"},{"@type":"ListItem","position":3,"name":"N\u0130KOtinamid RIBOside"}]},{"@type":"WebSite","@id":"https:\/\/www.pharmsultation.com\/tr\/#website","url":"https:\/\/www.pharmsultation.com\/tr\/","name":"PharmSultation - Pharma & Industries Services","description":"","publisher":{"@id":"https:\/\/www.pharmsultation.com\/tr\/#organization"},"potentialAction":[{"@type":"SearchAction","target":{"@type":"EntryPoint","urlTemplate":"https:\/\/www.pharmsultation.com\/tr\/?s={search_term_string}"},"query-input":{"@type":"PropertyValueSpecification","valueRequired":true,"valueName":"search_term_string"}}],"inLanguage":"tr"},{"@type":"Organization","@id":"https:\/\/www.pharmsultation.com\/tr\/#organization","name":"PharmSultation","url":"https:\/\/www.pharmsultation.com\/tr\/","logo":{"@type":"ImageObject","inLanguage":"tr","@id":"https:\/\/www.pharmsultation.com\/tr\/#\/schema\/logo\/image\/","url":"https:\/\/www.pharmsultation.com\/wp-content\/uploads\/2023\/05\/customcolor_logo_transparent_background.png","contentUrl":"https:\/\/www.pharmsultation.com\/wp-content\/uploads\/2023\/05\/customcolor_logo_transparent_background.png","width":3125,"height":1875,"caption":"PharmSultation"},"image":{"@id":"https:\/\/www.pharmsultation.com\/tr\/#\/schema\/logo\/image\/"}}]}},"jetpack_sharing_enabled":true,"_links":{"self":[{"href":"https:\/\/www.pharmsultation.com\/tr\/wp-json\/wp\/v2\/product\/5729","targetHints":{"allow":["GET"]}}],"collection":[{"href":"https:\/\/www.pharmsultation.com\/tr\/wp-json\/wp\/v2\/product"}],"about":[{"href":"https:\/\/www.pharmsultation.com\/tr\/wp-json\/wp\/v2\/types\/product"}],"wp:featuredmedia":[{"embeddable":true,"href":"https:\/\/www.pharmsultation.com\/tr\/wp-json\/wp\/v2\/media\/2877"}],"wp:attachment":[{"href":"https:\/\/www.pharmsultation.com\/tr\/wp-json\/wp\/v2\/media?parent=5729"}],"wp:term":[{"taxonomy":"product_brand","embeddable":true,"href":"https:\/\/www.pharmsultation.com\/tr\/wp-json\/wp\/v2\/product_brand?post=5729"},{"taxonomy":"product_cat","embeddable":true,"href":"https:\/\/www.pharmsultation.com\/tr\/wp-json\/wp\/v2\/product_cat?post=5729"},{"taxonomy":"product_tag","embeddable":true,"href":"https:\/\/www.pharmsultation.com\/tr\/wp-json\/wp\/v2\/product_tag?post=5729"}],"curies":[{"name":"wp","href":"https:\/\/api.w.org\/{rel}","templated":true}]}}